{"id":1993,"date":"2024-05-08T16:05:41","date_gmt":"2024-05-08T20:05:41","guid":{"rendered":"https:\/\/www.ludov.ca\/laboratory\/dons\/"},"modified":"2025-12-19T16:23:10","modified_gmt":"2025-12-19T21:23:10","slug":"donations","status":"publish","type":"page","link":"https:\/\/www.ludov.ca\/en\/laboratory\/donations\/","title":{"rendered":"Make a donation"},"content":{"rendered":"\t\t<div data-elementor-type=\"wp-page\" data-elementor-id=\"1993\" class=\"elementor elementor-1993 elementor-233\">\n\t\t\t\t<div class=\"elementor-element elementor-element-8a136e9 e-con-full mobnopad e-flex e-con e-parent\" data-id=\"8a136e9\" data-element_type=\"container\" data-e-type=\"container\">\n\t\t\t\t<div class=\"elementor-element elementor-element-79998dd elementor-widget__width-inherit elementor-widget elementor-widget-text-editor\" data-id=\"79998dd\" data-element_type=\"widget\" data-e-type=\"widget\" data-widget_type=\"text-editor.default\">\n\t\t\t\t<div class=\"elementor-widget-container\">\n\t\t\t\t\t\t\t\t\t<div class=\"observation\">\n<p>Do you have two copies of the same game, old games or consoles that sleep in a closet? Why not donate it to the Laboratory and contribute to Science? We will take good care of it and you will help to preserve our gaming heritage. Do as our many donors and get in touch <a title=\"formulaire\" href=\"https:\/\/www.ludov.ca\/en\/contact\/\" target=\"\"><strong>HERE<\/strong><\/a>.<\/p>\n<div class=\"observation\"><b>Corporate donations:<\/b><\/div>\n<p>LUDOV is committed to taking great care of the video game heritage entrusted to it.<\/p>\n<p><strong>&gt;Long-term accessibility:\u00a0<\/strong>videogames donated to LUDOV are integrated within its permanent collection and made accessible to students registered in one of our game studies program. The lab\u2019s stations provide an ideal context to play on all consoles and the most common operating systems. These platforms are maintained so as to guarantee long-term accessibility. Lab managers might also consider emulation when material fragility complicates firsthand accessibility.<\/p>\n<p class=\"MsoNormal\"><strong>&gt;Paratextual document preservation:<\/strong> the lab provides storage for various types of print and digital documents pertaining to the game development process (preliminary sketches, design documents, etc.). Company\/project archives are preserved in a secure environment and will only be consulted by registered students who make a special request.<\/p>\n<p><strong>&gt;Gameplay preservation:\u00a0<\/strong>LUDOV is committed to provide second hand accessibility to future historians thanks to gameplay archives. The lab is currently developing audiovisual archiving protocols (video capture of the screen and of players) in order to highlight a diversity of relevant players and play styles for selected games.<\/p>\n<p><strong>Donations from individuals:<\/strong><\/p>\n<p>We would like to take this opportunity to thank the following people for their great generosity:<\/p>\n<ul>\n<li>Abitibi Bowater<\/li>\n<li>Laurent Allen-Gu\u00e9rard<\/li>\n<li>Patrick Aubert<\/li>\n<li>Maxime Archetto<\/li>\n<li>Dominic Arsenault<\/li>\n<li>Serge Arsenault<\/li>\n<li>Association des \u00e9tudiants en science politique (UdeM)<\/li>\n<li>Alexandre B\u00e9land-Bernard<\/li>\n<li>Audrey B\u00e9langer<\/li>\n<li>Jean-Loup Beaulne-Morin<\/li>\n<li>Francis Binet<\/li>\n<li>L\u00e9o Bissonnette-Binet<\/li>\n<li>Denis Blanchard<\/li>\n<li>Fran\u00e7ois Blouin<\/li>\n<li>David Boisvert<\/li>\n<li>Myriam Boucher<\/li>\n<li>Philippe-Olivier Boulay-Scott<\/li>\n<li>\u00c9tienne Brunelle-Leclerc<\/li>\n<li>Sylvie Brunet<\/li>\n<li>Guillaume Caherec-Gagn\u00e9<\/li>\n<li>Cardboard Utopia<\/li>\n<li>Casa Rara Studio<\/li>\n<li>Rapha\u00ebl Charette B\u00e9rub\u00e9<\/li>\n<li>Charles Chouinard<\/li>\n<li>Clever Endeavour Games<\/li>\n<li>Benoit Comeau<\/li>\n<li>Comptant.com<\/li>\n<li>Luc Courchesne<\/li>\n<li>V\u00e9ronique Couvrette<\/li>\n<li>Emmanuelle Cr\u00eate<\/li>\n<li>Fr\u00e9d\u00e9ric Dallaire<\/li>\n<li>Fr\u00e9d\u00e9ric Daoust<\/li>\n<li>Simon Delorme<\/li>\n<li>Jocelyne Denault<\/li>\n<li>Beno\u00eet Deschenes<\/li>\n<li>Yanik Dion-Roy<\/li>\n<li>Simon Dor<\/li>\n<li>Julien Drouin<\/li>\n<li>Flying Carpet Games<\/li>\n<li>Benjamin Forget<\/li>\n<li>Serge Fortin<\/li>\n<li>Andr\u00e9 Gaudreault<\/li>\n<li>C\u00e9drick Gauthier<\/li>\n<li>Mich\u00e8le Garneau<\/li>\n<li>Fred G\u00e9mus<\/li>\n<li>Hugo Gelis<\/li>\n<li>Simon Gervais<\/li>\n<li>Tristan Geoffroy<\/li>\n<li>Anne Girard<\/li>\n<li>Jean Girard<\/li>\n<li>Jonathan Gosselin<\/li>\n<li>Louis-Martin Guay<\/li>\n<li>GRAFICS<\/li>\n<li>Louis Philippe Hamel<\/li>\n<li>S\u00e9bastien Haney<\/li>\n<li>Emmanuelle Hardy-Sen\u00e9cal<\/li>\n<li>Samuel Heine<\/li>\n<li>William Homs<\/li>\n<li>Nicholas Huber<\/li>\n<li>Illogika<\/li>\n<li>Jeux Borealys<\/li>\n<li>Arnaud Joanette-Lavall\u00e9e<\/li>\n<li>Marc Joly-Corcoran<\/li>\n<li>Mika\u00ebl Julien<\/li>\n<li>Kaermack Polewska<\/li>\n<li>David Lachance<\/li>\n<li>Maxwell Landry-Martineau<\/li>\n<li>Martin Lapierre<\/li>\n<li>La Petite Caisse &#8211;<br \/>\nComptoir Familial (Longueuil).<\/li>\n<li>La Planque Jeux Vid\u00e9o<\/li>\n<li>Audrey Larochelle<\/li>\n<li>Charles Lavasseur<\/li>\n<li>Jacob Laverdure<\/li>\n<li>Francis Lavigne<\/li>\n<li>Yves Lavigne<\/li>\n<li>Sacha Lebel<\/li>\n<li>Olivier Leclair<\/li>\n<li>Charles Lechasseur<\/li>\n<li>Adam Leflo\u00efc-Lebel<\/li>\n<li>Guillaume Lem\u00e9e<\/li>\n<li>Karl L\u00e9veill\u00e9e<\/li>\n<li>Ludicin\u00e9<\/li>\n<li>Th\u00e9o Louvet<\/li>\n<li>Fr\u00e9d\u00e9rick Maheux<\/li>\n<li>Gauthier Malou<\/li>\n<li>Jean-S\u00e9bastien Marsolais<\/li>\n<li>Silvestra Mariniello<\/li>\n<li>Pier Olivier Mass\u00e9<\/li>\n<li>M\u00e9diias (Mouvement des \u00c9tudiant.e.s de l&#8217;Interactivit\u00e9, de l&#8217;Image Anim\u00e9e et du Son)<\/li>\n<li>J\u00e9r\u00e9mie M\u00e9nard<\/li>\n<li>Alexandre Messier<\/li>\n<li>Micro-Jeux<\/li>\n<li>Francis Montpetit<\/li>\n<li>Jacques Morel<\/li>\n<li>Pierre-Olivier Morin<\/li>\n<li>Nicolas Mornard<\/li>\n<li>Mus\u00e9e de la Civilisation de Qu\u00e9bec<\/li>\n<li>Philippe Palanque<\/li>\n<li>Paroisse Saints-Martyrs-Canadiens<\/li>\n<li>Ariane Peras<\/li>\n<li>Bernard Perron<\/li>\n<li>Julien Perron<\/li>\n<li>L\u00e9a Elisabeth Perron<\/li>\n<li>Alexandre Poirier<\/li>\n<li>Antoine Quirion<\/li>\n<li>Jean-Charles Ray<\/li>\n<li>Red Barrels (Philippe Morin)<\/li>\n<li>Olivier Reed<\/li>\n<li>Am\u00e9lie Routhier Bergeron<\/li>\n<li>Vincent Routhier Bergeron<\/li>\n<li>Alain Roux<\/li>\n<li>Gilles Roux<\/li>\n<li>Guillaume Roux-Girard<\/li>\n<li>Hubert Sabino<\/li>\n<li>Julian Stamboulieh<\/li>\n<li>Sabotage Studio<\/li>\n<li>Sauropod Studio<\/li>\n<li>S\u00e9bastien Savard<\/li>\n<li>Adrian Savopol<\/li>\n<li>Super Potato Akiba<\/li>\n<li>Alexander Tanasie<\/li>\n<li>Carl Therrien<\/li>\n<li>Triple Scale Games<\/li>\n<li>Justine Trudel<\/li>\n<li>Ubisoft Montr\u00e9al<\/li>\n<li>Tristan Verdun<\/li>\n<li>Marc-Olivier Viboux<\/li>\n<li>Warner Bros<\/li>\n<\/ul>\n<p><\/div>\n\t\t\t\t\t\t\t\t<\/div>\n\t\t\t\t<\/div>\n\t\t\t\t<\/div>\n\t\t\t\t<\/div>\n\t\t","protected":false},"excerpt":{"rendered":"<p>Do you have two copies of the same game, old games or consoles that sleep in a closet? Why not donate it to the Laboratory and contribute to Science? We &#8230;<\/p>\n","protected":false},"author":1,"featured_media":0,"parent":471,"menu_order":0,"comment_status":"closed","ping_status":"closed","template":"template-left-sidebar.php","meta":{"_monsterinsights_skip_tracking":false,"_monsterinsights_sitenote_active":false,"_monsterinsights_sitenote_note":"","_monsterinsights_sitenote_category":0,"footnotes":""},"class_list":["post-1993","page","type-page","status-publish","hentry"],"yoast_head":"<!-- This site is optimized with the Yoast SEO plugin v27.4 - https:\/\/yoast.com\/product\/yoast-seo-wordpress\/ -->\n<title>Make a donation - LUDOV<\/title>\n<meta name=\"robots\" content=\"index, follow, max-snippet:-1, max-image-preview:large, max-video-preview:-1\" \/>\n<link rel=\"canonical\" href=\"https:\/\/www.ludov.ca\/fr\/laboratoire\/dons\/\" \/>\n<meta property=\"og:locale\" content=\"en_US\" \/>\n<meta property=\"og:type\" content=\"article\" \/>\n<meta property=\"og:title\" content=\"Make a donation - LUDOV\" \/>\n<meta property=\"og:description\" content=\"Do you have two copies of the same game, old games or consoles that sleep in a closet? Why not donate it to the Laboratory and contribute to Science? We ...\" \/>\n<meta property=\"og:url\" content=\"https:\/\/www.ludov.ca\/fr\/laboratoire\/dons\/\" \/>\n<meta property=\"og:site_name\" content=\"LUDOV\" \/>\n<meta property=\"article:publisher\" content=\"https:\/\/www.facebook.com\/LUDOVUdeM\/\" \/>\n<meta property=\"article:modified_time\" content=\"2025-12-19T21:23:10+00:00\" \/>\n<meta property=\"og:image\" content=\"https:\/\/www.ludov.ca\/wp-content\/uploads\/2024\/05\/LUDOV_web_splash_logo.jpg\" \/>\n\t<meta property=\"og:image:width\" content=\"1320\" \/>\n\t<meta property=\"og:image:height\" content=\"323\" \/>\n\t<meta property=\"og:image:type\" content=\"image\/jpeg\" \/>\n<meta name=\"twitter:card\" content=\"summary_large_image\" \/>\n<meta name=\"twitter:label1\" content=\"Est. reading time\" \/>\n\t<meta name=\"twitter:data1\" content=\"3 minutes\" \/>\n<script type=\"application\/ld+json\" class=\"yoast-schema-graph\">{\"@context\":\"https:\\\/\\\/schema.org\",\"@graph\":[{\"@type\":\"WebPage\",\"@id\":\"https:\\\/\\\/www.ludov.ca\\\/fr\\\/laboratoire\\\/dons\\\/\",\"url\":\"https:\\\/\\\/www.ludov.ca\\\/fr\\\/laboratoire\\\/dons\\\/\",\"name\":\"Make a donation - LUDOV\",\"isPartOf\":{\"@id\":\"https:\\\/\\\/www.ludov.ca\\\/fr\\\/#website\"},\"datePublished\":\"2024-05-08T20:05:41+00:00\",\"dateModified\":\"2025-12-19T21:23:10+00:00\",\"breadcrumb\":{\"@id\":\"https:\\\/\\\/www.ludov.ca\\\/fr\\\/laboratoire\\\/dons\\\/#breadcrumb\"},\"inLanguage\":\"en-US\",\"potentialAction\":[{\"@type\":\"ReadAction\",\"target\":[\"https:\\\/\\\/www.ludov.ca\\\/fr\\\/laboratoire\\\/dons\\\/\"]}]},{\"@type\":\"BreadcrumbList\",\"@id\":\"https:\\\/\\\/www.ludov.ca\\\/fr\\\/laboratoire\\\/dons\\\/#breadcrumb\",\"itemListElement\":[{\"@type\":\"ListItem\",\"position\":1,\"name\":\"Accueil\",\"item\":\"https:\\\/\\\/www.ludov.ca\\\/en\\\/\"},{\"@type\":\"ListItem\",\"position\":2,\"name\":\"Laboratory\",\"item\":\"https:\\\/\\\/www.ludov.ca\\\/en\\\/laboratory\\\/\"},{\"@type\":\"ListItem\",\"position\":3,\"name\":\"Make a donation\"}]},{\"@type\":\"WebSite\",\"@id\":\"https:\\\/\\\/www.ludov.ca\\\/fr\\\/#website\",\"url\":\"https:\\\/\\\/www.ludov.ca\\\/fr\\\/\",\"name\":\"LUDOV\",\"description\":\"\",\"publisher\":{\"@id\":\"https:\\\/\\\/www.ludov.ca\\\/fr\\\/#organization\"},\"alternateName\":\"Laboratoire universitaire de documentation et d'observation vid\u00e9oludiques\",\"potentialAction\":[{\"@type\":\"SearchAction\",\"target\":{\"@type\":\"EntryPoint\",\"urlTemplate\":\"https:\\\/\\\/www.ludov.ca\\\/fr\\\/?s={search_term_string}\"},\"query-input\":{\"@type\":\"PropertyValueSpecification\",\"valueRequired\":true,\"valueName\":\"search_term_string\"}}],\"inLanguage\":\"en-US\"},{\"@type\":\"Organization\",\"@id\":\"https:\\\/\\\/www.ludov.ca\\\/fr\\\/#organization\",\"name\":\"LUDOV\",\"url\":\"https:\\\/\\\/www.ludov.ca\\\/fr\\\/\",\"logo\":{\"@type\":\"ImageObject\",\"inLanguage\":\"en-US\",\"@id\":\"https:\\\/\\\/www.ludov.ca\\\/fr\\\/#\\\/schema\\\/logo\\\/image\\\/\",\"url\":\"https:\\\/\\\/www.ludov.ca\\\/wp-content\\\/uploads\\\/2023\\\/08\\\/LUDOV_web_logo_final.png\",\"contentUrl\":\"https:\\\/\\\/www.ludov.ca\\\/wp-content\\\/uploads\\\/2023\\\/08\\\/LUDOV_web_logo_final.png\",\"width\":1169,\"height\":1139,\"caption\":\"LUDOV\"},\"image\":{\"@id\":\"https:\\\/\\\/www.ludov.ca\\\/fr\\\/#\\\/schema\\\/logo\\\/image\\\/\"},\"sameAs\":[\"https:\\\/\\\/www.facebook.com\\\/LUDOVUdeM\\\/\",\"https:\\\/\\\/www.youtube.com\\\/@LUDOVUdeM\"]}]}<\/script>\n<!-- \/ Yoast SEO plugin. -->","yoast_head_json":{"title":"Make a donation - LUDOV","robots":{"index":"index","follow":"follow","max-snippet":"max-snippet:-1","max-image-preview":"max-image-preview:large","max-video-preview":"max-video-preview:-1"},"canonical":"https:\/\/www.ludov.ca\/fr\/laboratoire\/dons\/","og_locale":"en_US","og_type":"article","og_title":"Make a donation - LUDOV","og_description":"Do you have two copies of the same game, old games or consoles that sleep in a closet? Why not donate it to the Laboratory and contribute to Science? We ...","og_url":"https:\/\/www.ludov.ca\/fr\/laboratoire\/dons\/","og_site_name":"LUDOV","article_publisher":"https:\/\/www.facebook.com\/LUDOVUdeM\/","article_modified_time":"2025-12-19T21:23:10+00:00","og_image":[{"width":1320,"height":323,"url":"https:\/\/www.ludov.ca\/wp-content\/uploads\/2024\/05\/LUDOV_web_splash_logo.jpg","type":"image\/jpeg"}],"twitter_card":"summary_large_image","twitter_misc":{"Est. reading time":"3 minutes"},"schema":{"@context":"https:\/\/schema.org","@graph":[{"@type":"WebPage","@id":"https:\/\/www.ludov.ca\/fr\/laboratoire\/dons\/","url":"https:\/\/www.ludov.ca\/fr\/laboratoire\/dons\/","name":"Make a donation - LUDOV","isPartOf":{"@id":"https:\/\/www.ludov.ca\/fr\/#website"},"datePublished":"2024-05-08T20:05:41+00:00","dateModified":"2025-12-19T21:23:10+00:00","breadcrumb":{"@id":"https:\/\/www.ludov.ca\/fr\/laboratoire\/dons\/#breadcrumb"},"inLanguage":"en-US","potentialAction":[{"@type":"ReadAction","target":["https:\/\/www.ludov.ca\/fr\/laboratoire\/dons\/"]}]},{"@type":"BreadcrumbList","@id":"https:\/\/www.ludov.ca\/fr\/laboratoire\/dons\/#breadcrumb","itemListElement":[{"@type":"ListItem","position":1,"name":"Accueil","item":"https:\/\/www.ludov.ca\/en\/"},{"@type":"ListItem","position":2,"name":"Laboratory","item":"https:\/\/www.ludov.ca\/en\/laboratory\/"},{"@type":"ListItem","position":3,"name":"Make a donation"}]},{"@type":"WebSite","@id":"https:\/\/www.ludov.ca\/fr\/#website","url":"https:\/\/www.ludov.ca\/fr\/","name":"LUDOV","description":"","publisher":{"@id":"https:\/\/www.ludov.ca\/fr\/#organization"},"alternateName":"Laboratoire universitaire de documentation et d'observation vid\u00e9oludiques","potentialAction":[{"@type":"SearchAction","target":{"@type":"EntryPoint","urlTemplate":"https:\/\/www.ludov.ca\/fr\/?s={search_term_string}"},"query-input":{"@type":"PropertyValueSpecification","valueRequired":true,"valueName":"search_term_string"}}],"inLanguage":"en-US"},{"@type":"Organization","@id":"https:\/\/www.ludov.ca\/fr\/#organization","name":"LUDOV","url":"https:\/\/www.ludov.ca\/fr\/","logo":{"@type":"ImageObject","inLanguage":"en-US","@id":"https:\/\/www.ludov.ca\/fr\/#\/schema\/logo\/image\/","url":"https:\/\/www.ludov.ca\/wp-content\/uploads\/2023\/08\/LUDOV_web_logo_final.png","contentUrl":"https:\/\/www.ludov.ca\/wp-content\/uploads\/2023\/08\/LUDOV_web_logo_final.png","width":1169,"height":1139,"caption":"LUDOV"},"image":{"@id":"https:\/\/www.ludov.ca\/fr\/#\/schema\/logo\/image\/"},"sameAs":["https:\/\/www.facebook.com\/LUDOVUdeM\/","https:\/\/www.youtube.com\/@LUDOVUdeM"]}]}},"_links":{"self":[{"href":"https:\/\/www.ludov.ca\/en\/wp-json\/wp\/v2\/pages\/1993","targetHints":{"allow":["GET"]}}],"collection":[{"href":"https:\/\/www.ludov.ca\/en\/wp-json\/wp\/v2\/pages"}],"about":[{"href":"https:\/\/www.ludov.ca\/en\/wp-json\/wp\/v2\/types\/page"}],"author":[{"embeddable":true,"href":"https:\/\/www.ludov.ca\/en\/wp-json\/wp\/v2\/users\/1"}],"replies":[{"embeddable":true,"href":"https:\/\/www.ludov.ca\/en\/wp-json\/wp\/v2\/comments?post=1993"}],"version-history":[{"count":19,"href":"https:\/\/www.ludov.ca\/en\/wp-json\/wp\/v2\/pages\/1993\/revisions"}],"predecessor-version":[{"id":4182,"href":"https:\/\/www.ludov.ca\/en\/wp-json\/wp\/v2\/pages\/1993\/revisions\/4182"}],"up":[{"embeddable":true,"href":"https:\/\/www.ludov.ca\/en\/wp-json\/wp\/v2\/pages\/471"}],"wp:attachment":[{"href":"https:\/\/www.ludov.ca\/en\/wp-json\/wp\/v2\/media?parent=1993"}],"curies":[{"name":"wp","href":"https:\/\/api.w.org\/{rel}","templated":true}]}}