{"id":233,"date":"2024-05-08T16:05:41","date_gmt":"2024-05-08T16:05:41","guid":{"rendered":"https:\/\/www.ludov.ca\/?page_id=233"},"modified":"2026-01-14T15:26:00","modified_gmt":"2026-01-14T20:26:00","slug":"dons","status":"publish","type":"page","link":"https:\/\/www.ludov.ca\/fr\/laboratoire\/dons\/","title":{"rendered":"Faire un don"},"content":{"rendered":"\t\t<div data-elementor-type=\"wp-page\" data-elementor-id=\"233\" class=\"elementor elementor-233\">\n\t\t\t\t<div class=\"elementor-element elementor-element-8a136e9 e-con-full mobnopad e-flex e-con e-parent\" data-id=\"8a136e9\" data-element_type=\"container\" data-e-type=\"container\">\n\t\t\t\t<div class=\"elementor-element elementor-element-79998dd elementor-widget__width-inherit elementor-widget elementor-widget-text-editor\" data-id=\"79998dd\" data-element_type=\"widget\" data-e-type=\"widget\" data-widget_type=\"text-editor.default\">\n\t\t\t\t<div class=\"elementor-widget-container\">\n\t\t\t\t\t\t\t\t\t<div class=\"observation\"><p>Vous avez des jeux en double, d&rsquo;anciens jeux ou des consoles qui dorment dans un placard? Pourquoi ne pas en faire don au Laboratoire et contribuer \u00e0 la Science? Nous en prendrons bien soin et vous aiderez \u00e0 la sauvegarde du patrimoine vid\u00e9oludique. Faites comme nos nombreux donateurs et donatrices et prenez contact <a title=\"formulaire\" href=\"https:\/\/www.ludov.ca\/fr\/contact\" target=\"\"><strong>ICI<\/strong><\/a>.<\/p><p>LUDOV s\u2019engage \u00e0 prendre grand soin du patrimoine vid\u00e9oludique qui lui est confi\u00e9.<\/p><p><strong>&gt;Accessibilit\u00e9 p\u00e9renne : <\/strong>les jeux remis au LUDOV sont int\u00e9gr\u00e9s \u00e0 la collection permanente et rendus accessibles aux \u00e9tudiant.e.s inscrit.e.s dans un programme d\u2019\u00e9tudes du jeu vid\u00e9o. Les stations du laboratoire peuvent accueillir toutes les consoles et les syst\u00e8mes d\u2019exploitation informatiques les plus communs. Ces plateformes sont entretenues de mani\u00e8re \u00e0 garantir l\u2019accessibilit\u00e9 des jeux \u00e0 long terme. Les responsables du laboratoire peuvent aussi envisager l\u2019\u00e9mulation lorsque la fragilit\u00e9 mat\u00e9rielle complique l\u2019accessibilit\u00e9 de premi\u00e8re main.<\/p><p><strong>&gt;Pr\u00e9servation des documents paratextuels :<\/strong> le laboratoire permet l\u2019entreposage de divers types de documents imprim\u00e9s ou num\u00e9riques qui rendent compte du processus de cr\u00e9ation (dessins pr\u00e9paratoires, documents de design, etc.) Les archives des compagnies \/ des projets sont pr\u00e9serv\u00e9es dans un environnement s\u00e9curitaire et seront consult\u00e9es seulement par des \u00e9tudiant.e.s inscrit.e.s sur demande.<\/p><p><strong>&gt;Archivage de la jouabilit\u00e9 : <\/strong>LUDOV s\u2019engage \u00e0 fournir une accessibilit\u00e9 de seconde main aux futurs historiens. Le laboratoire d\u00e9veloppe actuellement des protocoles d\u2019archivage audiovisuel (captation vid\u00e9o de l\u2019\u00e9cran et des joueur.se.s) qui permettront de d\u00e9montrer rapidement une diversit\u00e9 de joueur.se.s et de styles de jeu pour certains titres s\u00e9lectionn\u00e9s.<\/p><p>Nous souhaitons remercier ici pour leur grande g\u00e9n\u00e9rosit\u00e9:<\/p><p><strong>Dons d&rsquo;entreprises et soci\u00e9t\u00e9:<\/strong><\/p><ul><li>Abitibi Bowater<\/li><li>Association des \u00e9tudiants en science politique (UdeM)<\/li><li>Cardboard Utopia<\/li><li>Casa Rara Studio<\/li><li>Clever Endeavour Games<\/li><li>Comptant.com<\/li><li>Comptoir Familial (Longueuil).<\/li><li>Flying Carpet Games<\/li><li>GRAFICS<\/li><li>Illogika<\/li><li>Jeux Borealys<\/li><li>La Petite Caisse &#8211;<\/li><li>La Planque Jeux Vid\u00e9o<\/li><li>Ludicin\u00e9<\/li><li>M\u00e9diias (Mouvement des \u00c9tudiant.e.s de l&rsquo;Interactivit\u00e9, de l&rsquo;Image Anim\u00e9e et du Son)<\/li><li>Micro-Jeux<\/li><li>Mus\u00e9e de la Civilisation de Qu\u00e9bec<\/li><li>Paroisse Saints-Martyrs-Canadiens<\/li><li>Red Barrels (Philippe Morin)<\/li><li>Sabotage Studio<\/li><li>Sauropod Studio<\/li><li>Super Potato Akiba<\/li><li>Triple Scale Games<\/li><li>Ubisoft Montr\u00e9al<\/li><li>Warner Bros<\/li><\/ul><p><strong>Dons de particuliers :<\/strong><\/p><ul><li>Adam Leflo\u00efc-Lebel<\/li><li>Adrian Savopol<\/li><li>Alain Roux<\/li><li>Alexander Tanasie<\/li><li>Alexandre B\u00e9land-Bernard<\/li><li>Alexandre Messier<\/li><li>Alexandre Poirier<\/li><li>Am\u00e9lie Routhier Bergeron<\/li><li>Andr\u00e9 Gaudreault<\/li><li>Anne Girard<\/li><li>Antoine Quirion<\/li><li>Ariane Peras<\/li><li>Arnaud Joanette-Lavall\u00e9e<\/li><li>Audrey B\u00e9langer<\/li><li>Audrey Larochelle<\/li><li>Benjamin Forget<\/li><li>Benoit Comeau<\/li><li>Beno\u00eet Deschenes<\/li><li>Bernard Perron<\/li><li>Carl Therrien<\/li><li>C\u00e9drick Gauthier<\/li><li>Charles Chouinard<\/li><li>Charles Lavasseur<\/li><li>Charles Lechasseur<\/li><li>David Boisvert<\/li><li>David Lachance<\/li><li>Denis Blanchard<\/li><li>Dominic Arsenault<\/li><li>Emmanuelle Cr\u00eate<\/li><li>Emmanuelle Hardy-Sen\u00e9cal<\/li><li>\u00c9tienne Brunelle-Leclerc<\/li><li>Francis Binet<\/li><li>Francis Lavigne<\/li><li>Francis Montpetit<\/li><li>Fran\u00e7ois Blouin<\/li><li>Fred G\u00e9mus<\/li><li>Fr\u00e9d\u00e9ric Dallaire<\/li><li>Fr\u00e9d\u00e9ric Daoust<\/li><li>Fr\u00e9d\u00e9rick Maheux<\/li><li>Gauthier Malou<\/li><li>Gilles Roux<\/li><li>Guillaume Caherec-Gagn\u00e9<\/li><li>Guillaume Lem\u00e9e<\/li><li>Guillaume Roux-Girard<\/li><li>Hubert Sabino<\/li><li>Hugo Gelis<\/li><li>Jacob Laverdure<\/li><li>Jacques Morel<\/li><li>Jean Girard<\/li><li>Jean-Charles Ray<\/li><li>Jean-Loup Beaulne-Morin<\/li><li>Jean-S\u00e9bastien Marsolais<\/li><li>J\u00e9r\u00e9mie M\u00e9nard<\/li><li>Jocelyne Denault<\/li><li>Jonathan Gosselin<\/li><li>Julian Stamboulieh<\/li><li>Julien Drouin<\/li><li>Julien Perron<\/li><li>Justine Trudel<\/li><li>Kaermack Polewska<\/li><li>Karl L\u00e9veill\u00e9e<\/li><li>Laurent Allen-Gu\u00e9rard<\/li><li>L\u00e9a Elisabeth Perron<\/li><li>L\u00e9o Bissonnette-Binet<\/li><li>Louis Philippe Hamel<\/li><li>Louis-Martin Guay<\/li><li>Luc Courchesne<\/li><li>Lucas Thibodeau<\/li><li>Marc Joly-Corcoran<\/li><li>Marc-Olivier Viboux<\/li><li>Martin Lapierre<\/li><li>Maxime Archetto<\/li><li>Maxwell Landry-Martineau<\/li><li>Mich\u00e8le Garneau<\/li><li>Mika\u00ebl Julien<\/li><li>Myriam Boucher<\/li><li>Nicholas Huber<\/li><li>Nicolas Mornard<\/li><li>Olivier Leclair<\/li><li>Olivier Reed<\/li><li>Patrick Aubert<\/li><li>Philippe Palanque<\/li><li>Philippe-Olivier Boulay-Scott<\/li><li>Pier Olivier Mass\u00e9<\/li><li>Pierre-Olivier Morin<\/li><li>Rapha\u00ebl Charette<\/li><li>B\u00e9rub\u00e9<\/li><li>Sacha Lebel<\/li><li>Samuel Heine<\/li><li>S\u00e9bastien Haney<\/li><li>S\u00e9bastien Savard<\/li><li>Serge Arsenault<\/li><li>Serge Fortin<\/li><li>Silvestra Mariniello<\/li><li>Simon Delorme<\/li><li>Simon Dor<\/li><li>Simon Gervais<\/li><li>Sylvie Brunet<\/li><li>Th\u00e9o Louvet<\/li><li>Tristan Geoffroy<\/li><li>Tristan Verdun<\/li><li>V\u00e9ronique Couvrette<\/li><li>Vincent Routhier Bergeron<\/li><li>William Homs<\/li><li>Xavier Corriveau-Paradis<\/li><li>Yanik Dion-Roy<\/li><li>Yves Lavigne<\/li><\/ul><\/div>\t\t\t\t\t\t\t\t<\/div>\n\t\t\t\t<\/div>\n\t\t\t\t<\/div>\n\t\t\t\t<\/div>\n\t\t","protected":false},"excerpt":{"rendered":"<p>Vous avez des jeux en double, d&rsquo;anciens jeux ou des consoles qui dorment dans un placard? Pourquoi ne pas en faire don au Laboratoire et contribuer \u00e0 la Science? Nous &#8230;<\/p>\n","protected":false},"author":1,"featured_media":0,"parent":469,"menu_order":0,"comment_status":"closed","ping_status":"closed","template":"template-left-sidebar.php","meta":{"_monsterinsights_skip_tracking":false,"_monsterinsights_sitenote_active":false,"_monsterinsights_sitenote_note":"","_monsterinsights_sitenote_category":0,"footnotes":""},"class_list":["post-233","page","type-page","status-publish","hentry"],"yoast_head":"<!-- This site is optimized with the Yoast SEO plugin v27.5 - https:\/\/yoast.com\/product\/yoast-seo-wordpress\/ -->\n<title>Faire un don - LUDOV<\/title>\n<meta name=\"robots\" content=\"index, follow, max-snippet:-1, max-image-preview:large, max-video-preview:-1\" \/>\n<link rel=\"canonical\" href=\"https:\/\/www.ludov.ca\/fr\/laboratoire\/dons\/\" \/>\n<meta property=\"og:locale\" content=\"fr_FR\" \/>\n<meta property=\"og:type\" content=\"article\" \/>\n<meta property=\"og:title\" content=\"Faire un don - LUDOV\" \/>\n<meta property=\"og:description\" content=\"Vous avez des jeux en double, d&rsquo;anciens jeux ou des consoles qui dorment dans un placard? Pourquoi ne pas en faire don au Laboratoire et contribuer \u00e0 la Science? Nous ...\" \/>\n<meta property=\"og:url\" content=\"https:\/\/www.ludov.ca\/fr\/laboratoire\/dons\/\" \/>\n<meta property=\"og:site_name\" content=\"LUDOV\" \/>\n<meta property=\"article:publisher\" content=\"https:\/\/www.facebook.com\/LUDOVUdeM\/\" \/>\n<meta property=\"article:modified_time\" content=\"2026-01-14T20:26:00+00:00\" \/>\n<meta property=\"og:image\" content=\"https:\/\/www.ludov.ca\/wp-content\/uploads\/2024\/05\/LUDOV_web_splash_logo.jpg\" \/>\n\t<meta property=\"og:image:width\" content=\"1320\" \/>\n\t<meta property=\"og:image:height\" content=\"323\" \/>\n\t<meta property=\"og:image:type\" content=\"image\/jpeg\" \/>\n<meta name=\"twitter:card\" content=\"summary_large_image\" \/>\n<meta name=\"twitter:label1\" content=\"Dur\u00e9e de lecture estim\u00e9e\" \/>\n\t<meta name=\"twitter:data1\" content=\"3 minutes\" \/>\n<script type=\"application\/ld+json\" class=\"yoast-schema-graph\">{\"@context\":\"https:\\\/\\\/schema.org\",\"@graph\":[{\"@type\":\"WebPage\",\"@id\":\"https:\\\/\\\/www.ludov.ca\\\/fr\\\/laboratoire\\\/dons\\\/\",\"url\":\"https:\\\/\\\/www.ludov.ca\\\/fr\\\/laboratoire\\\/dons\\\/\",\"name\":\"Faire un don - LUDOV\",\"isPartOf\":{\"@id\":\"https:\\\/\\\/www.ludov.ca\\\/fr\\\/#website\"},\"datePublished\":\"2024-05-08T16:05:41+00:00\",\"dateModified\":\"2026-01-14T20:26:00+00:00\",\"breadcrumb\":{\"@id\":\"https:\\\/\\\/www.ludov.ca\\\/fr\\\/laboratoire\\\/dons\\\/#breadcrumb\"},\"inLanguage\":\"fr-FR\",\"potentialAction\":[{\"@type\":\"ReadAction\",\"target\":[\"https:\\\/\\\/www.ludov.ca\\\/fr\\\/laboratoire\\\/dons\\\/\"]}]},{\"@type\":\"BreadcrumbList\",\"@id\":\"https:\\\/\\\/www.ludov.ca\\\/fr\\\/laboratoire\\\/dons\\\/#breadcrumb\",\"itemListElement\":[{\"@type\":\"ListItem\",\"position\":1,\"name\":\"Accueil\",\"item\":\"https:\\\/\\\/www.ludov.ca\\\/fr\\\/\"},{\"@type\":\"ListItem\",\"position\":2,\"name\":\"Laboratoire\",\"item\":\"https:\\\/\\\/www.ludov.ca\\\/fr\\\/laboratoire\\\/\"},{\"@type\":\"ListItem\",\"position\":3,\"name\":\"Faire un don\"}]},{\"@type\":\"WebSite\",\"@id\":\"https:\\\/\\\/www.ludov.ca\\\/fr\\\/#website\",\"url\":\"https:\\\/\\\/www.ludov.ca\\\/fr\\\/\",\"name\":\"LUDOV\",\"description\":\"\",\"publisher\":{\"@id\":\"https:\\\/\\\/www.ludov.ca\\\/fr\\\/#organization\"},\"alternateName\":\"Laboratoire universitaire de documentation et d'observation vid\u00e9oludiques\",\"potentialAction\":[{\"@type\":\"SearchAction\",\"target\":{\"@type\":\"EntryPoint\",\"urlTemplate\":\"https:\\\/\\\/www.ludov.ca\\\/fr\\\/?s={search_term_string}\"},\"query-input\":{\"@type\":\"PropertyValueSpecification\",\"valueRequired\":true,\"valueName\":\"search_term_string\"}}],\"inLanguage\":\"fr-FR\"},{\"@type\":\"Organization\",\"@id\":\"https:\\\/\\\/www.ludov.ca\\\/fr\\\/#organization\",\"name\":\"LUDOV\",\"url\":\"https:\\\/\\\/www.ludov.ca\\\/fr\\\/\",\"logo\":{\"@type\":\"ImageObject\",\"inLanguage\":\"fr-FR\",\"@id\":\"https:\\\/\\\/www.ludov.ca\\\/fr\\\/#\\\/schema\\\/logo\\\/image\\\/\",\"url\":\"https:\\\/\\\/www.ludov.ca\\\/wp-content\\\/uploads\\\/2023\\\/08\\\/LUDOV_web_logo_final.png\",\"contentUrl\":\"https:\\\/\\\/www.ludov.ca\\\/wp-content\\\/uploads\\\/2023\\\/08\\\/LUDOV_web_logo_final.png\",\"width\":1169,\"height\":1139,\"caption\":\"LUDOV\"},\"image\":{\"@id\":\"https:\\\/\\\/www.ludov.ca\\\/fr\\\/#\\\/schema\\\/logo\\\/image\\\/\"},\"sameAs\":[\"https:\\\/\\\/www.facebook.com\\\/LUDOVUdeM\\\/\",\"https:\\\/\\\/www.youtube.com\\\/@LUDOVUdeM\"]}]}<\/script>\n<!-- \/ Yoast SEO plugin. -->","yoast_head_json":{"title":"Faire un don - LUDOV","robots":{"index":"index","follow":"follow","max-snippet":"max-snippet:-1","max-image-preview":"max-image-preview:large","max-video-preview":"max-video-preview:-1"},"canonical":"https:\/\/www.ludov.ca\/fr\/laboratoire\/dons\/","og_locale":"fr_FR","og_type":"article","og_title":"Faire un don - LUDOV","og_description":"Vous avez des jeux en double, d&rsquo;anciens jeux ou des consoles qui dorment dans un placard? Pourquoi ne pas en faire don au Laboratoire et contribuer \u00e0 la Science? Nous ...","og_url":"https:\/\/www.ludov.ca\/fr\/laboratoire\/dons\/","og_site_name":"LUDOV","article_publisher":"https:\/\/www.facebook.com\/LUDOVUdeM\/","article_modified_time":"2026-01-14T20:26:00+00:00","og_image":[{"width":1320,"height":323,"url":"https:\/\/www.ludov.ca\/wp-content\/uploads\/2024\/05\/LUDOV_web_splash_logo.jpg","type":"image\/jpeg"}],"twitter_card":"summary_large_image","twitter_misc":{"Dur\u00e9e de lecture estim\u00e9e":"3 minutes"},"schema":{"@context":"https:\/\/schema.org","@graph":[{"@type":"WebPage","@id":"https:\/\/www.ludov.ca\/fr\/laboratoire\/dons\/","url":"https:\/\/www.ludov.ca\/fr\/laboratoire\/dons\/","name":"Faire un don - LUDOV","isPartOf":{"@id":"https:\/\/www.ludov.ca\/fr\/#website"},"datePublished":"2024-05-08T16:05:41+00:00","dateModified":"2026-01-14T20:26:00+00:00","breadcrumb":{"@id":"https:\/\/www.ludov.ca\/fr\/laboratoire\/dons\/#breadcrumb"},"inLanguage":"fr-FR","potentialAction":[{"@type":"ReadAction","target":["https:\/\/www.ludov.ca\/fr\/laboratoire\/dons\/"]}]},{"@type":"BreadcrumbList","@id":"https:\/\/www.ludov.ca\/fr\/laboratoire\/dons\/#breadcrumb","itemListElement":[{"@type":"ListItem","position":1,"name":"Accueil","item":"https:\/\/www.ludov.ca\/fr\/"},{"@type":"ListItem","position":2,"name":"Laboratoire","item":"https:\/\/www.ludov.ca\/fr\/laboratoire\/"},{"@type":"ListItem","position":3,"name":"Faire un don"}]},{"@type":"WebSite","@id":"https:\/\/www.ludov.ca\/fr\/#website","url":"https:\/\/www.ludov.ca\/fr\/","name":"LUDOV","description":"","publisher":{"@id":"https:\/\/www.ludov.ca\/fr\/#organization"},"alternateName":"Laboratoire universitaire de documentation et d'observation vid\u00e9oludiques","potentialAction":[{"@type":"SearchAction","target":{"@type":"EntryPoint","urlTemplate":"https:\/\/www.ludov.ca\/fr\/?s={search_term_string}"},"query-input":{"@type":"PropertyValueSpecification","valueRequired":true,"valueName":"search_term_string"}}],"inLanguage":"fr-FR"},{"@type":"Organization","@id":"https:\/\/www.ludov.ca\/fr\/#organization","name":"LUDOV","url":"https:\/\/www.ludov.ca\/fr\/","logo":{"@type":"ImageObject","inLanguage":"fr-FR","@id":"https:\/\/www.ludov.ca\/fr\/#\/schema\/logo\/image\/","url":"https:\/\/www.ludov.ca\/wp-content\/uploads\/2023\/08\/LUDOV_web_logo_final.png","contentUrl":"https:\/\/www.ludov.ca\/wp-content\/uploads\/2023\/08\/LUDOV_web_logo_final.png","width":1169,"height":1139,"caption":"LUDOV"},"image":{"@id":"https:\/\/www.ludov.ca\/fr\/#\/schema\/logo\/image\/"},"sameAs":["https:\/\/www.facebook.com\/LUDOVUdeM\/","https:\/\/www.youtube.com\/@LUDOVUdeM"]}]}},"_links":{"self":[{"href":"https:\/\/www.ludov.ca\/fr\/wp-json\/wp\/v2\/pages\/233","targetHints":{"allow":["GET"]}}],"collection":[{"href":"https:\/\/www.ludov.ca\/fr\/wp-json\/wp\/v2\/pages"}],"about":[{"href":"https:\/\/www.ludov.ca\/fr\/wp-json\/wp\/v2\/types\/page"}],"author":[{"embeddable":true,"href":"https:\/\/www.ludov.ca\/fr\/wp-json\/wp\/v2\/users\/1"}],"replies":[{"embeddable":true,"href":"https:\/\/www.ludov.ca\/fr\/wp-json\/wp\/v2\/comments?post=233"}],"version-history":[{"count":27,"href":"https:\/\/www.ludov.ca\/fr\/wp-json\/wp\/v2\/pages\/233\/revisions"}],"predecessor-version":[{"id":4615,"href":"https:\/\/www.ludov.ca\/fr\/wp-json\/wp\/v2\/pages\/233\/revisions\/4615"}],"up":[{"embeddable":true,"href":"https:\/\/www.ludov.ca\/fr\/wp-json\/wp\/v2\/pages\/469"}],"wp:attachment":[{"href":"https:\/\/www.ludov.ca\/fr\/wp-json\/wp\/v2\/media?parent=233"}],"curies":[{"name":"wp","href":"https:\/\/api.w.org\/{rel}","templated":true}]}}