{"id":2482,"date":"2025-01-23T10:16:40","date_gmt":"2025-01-23T15:16:40","guid":{"rendered":"https:\/\/www.ludov.ca\/?page_id=2482"},"modified":"2025-06-03T20:12:59","modified_gmt":"2025-06-04T00:12:59","slug":"base-de-donnees-des-jeux-video-quebecois","status":"publish","type":"page","link":"https:\/\/www.ludov.ca\/fr\/documentation\/le-jeu-video-au-quebec\/base-de-donnees-des-jeux-video-quebecois\/","title":{"rendered":"Base de donn\u00e9es des jeux vid\u00e9o qu\u00e9b\u00e9cois"},"content":{"rendered":"\t\t<div data-elementor-type=\"wp-page\" data-elementor-id=\"2482\" class=\"elementor elementor-2482\">\n\t\t\t\t<div class=\"elementor-element elementor-element-830318b e-con-full e-flex e-con e-parent\" data-id=\"830318b\" data-element_type=\"container\" data-e-type=\"container\">\n\t\t\t\t<div class=\"elementor-element elementor-element-4c837ec elementor-widget elementor-widget-text-editor\" data-id=\"4c837ec\" data-element_type=\"widget\" data-e-type=\"widget\" data-widget_type=\"text-editor.default\">\n\t\t\t\t<div class=\"elementor-widget-container\">\n\t\t\t\t\t\t\t\t\t<ul><li><a title=\"1982 - T\u00eatards - Marc-Antoine Parent et Vincent C\u00f4t\u00e9\" href=\"https:\/\/www.ludov.ca\/documents\/Base%20de%20donnees%20JV%20QC\/1982%20-%20T%C3%AAtards%20-%20Marc-Antoine%20Parent%20et%20Vincent%20C%C3%B4t%C3%A9%20-%20AL%20-%2020%20juillet.docx\" target=\"_blank\" rel=\"noopener\">1982 &#8211; T\u00eatards &#8211; Marc-Antoine Parent et Vincent C\u00f4t\u00e9<\/a><\/li><li><a title=\"1984 - Mimi Les aventures de Mimi la fourmi - Anne Bergeron\" href=\"https:\/\/www.ludov.ca\/documents\/Base%20de%20donnees%20JV%20QC\/1984%20-%20Mimi%20Les%20aventures%20de%20Mimi%20la%20fourmi%20-%20Anne%20bergeron.docx\" target=\"_blank\" rel=\"noopener\">1984 &#8211; Mimi Les aventures de Mimi la fourmi &#8211; Anne Bergeron<\/a><\/li><li><a title=\"1989 - Le fou du roi - Loto-Qu\u00e9bec\" href=\"https:\/\/www.ludov.ca\/documents\/Base%20de%20donnees%20JV%20QC\/1989%20-%20Le%20fou%20du%20roi%20-%20Loto-Qu%C3%A9bec%20-%20AL%20-%2026%20juillet.docx\" target=\"_blank\" rel=\"noopener\">1989 &#8211; Le fou du roi &#8211; Loto-Qu\u00e9bec<\/a><\/li><li><a title=\"1990 - Wrath of the Demon - Abstrax\" href=\"https:\/\/www.ludov.ca\/documents\/Base%20de%20donnees%20JV%20QC\/1990%20-%20Wrath%20of%20the%20Demon%20-%20Abstrax-%20AL%20-%203%20aout.docx\" target=\"_blank\" rel=\"noopener\">1990 &#8211; Wrath of the Demon &#8211; Abstrax<\/a><\/li><li><a title=\"1997 - Jersey Devil - Behaviour Interactive\" href=\"https:\/\/www.ludov.ca\/documents\/Base%20de%20donnees%20JV%20QC\/1997%20-%20Jersey%20Devil%20-%20Behaviour%20Interactive%20-%20AL%20-%2023%20juin.docx\" target=\"_blank\" rel=\"noopener\">1997 &#8211; Jersey Devil &#8211; Behaviour Interactive<\/a><\/li><li><a title=\"1998 - Mia La qu\u00eate des Pierralines - Kotuka Interactive\" href=\"https:\/\/www.ludov.ca\/documents\/Base%20de%20donnees%20JV%20QC\/1998%20-%20Mia%20La%20Qu%C3%AAte%20Des%20Pierralines%20-%20Kotuka%20Interactive%20-%20MAC.docx\" target=\"_blank\" rel=\"noopener\">1998 &#8211; Mia La qu\u00eate des Pierralines &#8211; Kotuka Interactive<\/a><\/li><li><a title=\"1999 - Good Night Mr. Snoozleberg - Sarbakan\" href=\"https:\/\/www.ludov.ca\/documents\/Base%20de%20donnees%20JV%20QC\/1999%20-%20Good%20Night%20Mr.%20Snoozleberg%20-%20Sarbakan%20-%20AL%20-%2011%20aout.docx\" target=\"_blank\" rel=\"noopener\">1999 &#8211; Good Night Mr. Snoozleberg &#8211; Sarbakan<\/a><\/li><li><a title=\"2001 - Road to India Between Hell and Nirvana - Micro\u00efds Canada\" href=\"https:\/\/www.ludov.ca\/documents\/Base%20de%20donnees%20JV%20QC\/2001%20-%20Road%20to%20India%20Between%20Hell%20and%20Nirvana%20-%20Micro%C3%AFds%20Canada%20-%20AL%20-%2013%20aout.docx\" target=\"_blank\" rel=\"noopener\">2001 &#8211; Road to India Between Hell and Nirvana &#8211; Micro\u00efds Canada<\/a><\/li><li><a title=\"2002 - Tom Clancy's Splinter Cell - Ubisoft Montr\u00e9al\" href=\"https:\/\/www.ludov.ca\/documents\/Base%20de%20donnees%20JV%20QC\/2002%20-%20Tom%20Clancy%E2%80%99s%20Splinter%20Cell%20-%20Ubisoft%20Montr%C3%A9al.docx\" target=\"_blank\" rel=\"noopener\">2002 &#8211; Tom Clancy&rsquo;s Splinter Cell &#8211; Ubisoft Montr\u00e9al<\/a><\/li><li><a title=\"2003 - Prince of Persia The Sands of Time - Ubisoft Montr\u00e9al\" href=\"https:\/\/www.ludov.ca\/documents\/Base%20de%20donnees%20JV%20QC\/2003%20-%20Prince%20of%20Persia%20The%20Sands%20of%20Time%20-%20Ubisoft%20Divertissements%20Inc%20-%20AL%20-%2001%20juillet.docx\" target=\"_blank\" rel=\"noopener\">2003 &#8211; Prince of Persia The Sands of Time &#8211; Ubisoft Montr\u00e9al<\/a><\/li><li><a title=\"2008 - Army of Two - EA Montr\u00e9al\" href=\"https:\/\/www.ludov.ca\/documents\/Base%20de%20donnees%20JV%20QC\/2008%20-%20Army%20of%20Two%20-%20EA%20Montreal%20-%20AL%20-%2019%20ao%C3%BBt.docx\" target=\"_blank\" rel=\"noopener\">2008 &#8211; Army of Two &#8211; EA Montr\u00e9al<\/a><\/li><li><a title=\"2009 - Assassin's Creed II - Ubisoft Mont\u00e9al\" href=\"https:\/\/www.ludov.ca\/documents\/Base%20de%20donnees%20JV%20QC\/2009%20-%20Assassin's%20Creed%20II%20-%20Ubisoft%20Montreal%20-%20AL%20-%2019%20ao%C3%BBt.docx\" target=\"_blank\" rel=\"noopener\">2009 &#8211; Assassin&rsquo;s Creed II &#8211; Ubisoft Montr\u00e9al<\/a><\/li><li><a title=\"2009 - Ghost Blaster - Amy Bienvenu\" href=\"https:\/\/www.ludov.ca\/documents\/Base%20de%20donnees%20JV%20QC\/2009%20-%20Ghost%20Blaster%20-%20Amy%20Bienvenu%20-%20AL%20-%2002%20juillet.docx\" target=\"_blank\" rel=\"noopener\">2009 &#8211; Ghost Blaster &#8211; Amy Bienvenu<\/a><\/li><li><a title=\"2011 - Burrito Bison - Juicy Beast\" href=\"https:\/\/www.ludov.ca\/documents\/Base%20de%20donnees%20JV%20QC\/2011%20-%20Burrito%20Bison%20-%20Juicy%20Beast%20-%20AL%20-%2023%20ao%C3%BBt.docx\" target=\"_blank\" rel=\"noopener\">2011 &#8211; Burrito Bison &#8211; Juicy Beast<\/a><\/li><li><a title=\"2011 - Deus Ex Human Revolution - Eidos Montr\u00e9al\" href=\"https:\/\/www.ludov.ca\/documents\/Base%20de%20donnees%20JV%20QC\/2011%20-%20Deus%20Ex%20Human%20Revolution%20-%20Eidos-Montr%C3%A9al.docx\" target=\"_blank\" rel=\"noopener\">2011 &#8211; Deus Ex Human Revolution &#8211; Eidos Montr\u00e9al<\/a><\/li><li><a title=\"2012 - Fez - Polytron\" href=\"https:\/\/www.ludov.ca\/documents\/Base%20de%20donnees%20JV%20QC\/2012%20-%20Fez%20-%20Polytron%20-%20AL%20-%2024%20ao%C3%BBt.docx\" target=\"_blank\" rel=\"noopener\">2012 &#8211; Fez &#8211; Polytron<\/a><\/li><li><a title=\"2012 - \u00a8Papo &amp; Yo - Minority Media\" href=\"https:\/\/www.ludov.ca\/documents\/Base%20de%20donnees%20JV%20QC\/2012%20-%20Papo%20%26%20Yo%20-%20Minority%20Media%20Inc.%20-%20AL%20-%206%20juillet.docx\" target=\"_blank\" rel=\"noopener\">2012 &#8211; Papo &amp; Yo &#8211; Minority Media<\/a><\/li><li><a title=\"2013 - Batman Arkham Origins - WB Games Montr\u00e9al\" href=\"https:\/\/www.ludov.ca\/documents\/Base%20de%20donnees%20JV%20QC\/2013%20-%20Batman%20Arkham%20Origins%20-%20WB%20Games%20Montr%C3%A9al%20-%20AL%20-%2025%20ao%C3%BBt.docx\" target=\"_blank\" rel=\"noopener\">2013 &#8211; Batman Arkham Origins &#8211; WB Games Montr\u00e9al<\/a><\/li><li><a title=\"2013 - Outlast - Red Barrels\" href=\"https:\/\/www.ludov.ca\/documents\/Base%20de%20donnees%20JV%20QC\/2013%20-%20Outlast%20-%20Red%20Barrels%20-%20AL%20-%2026%20ao%C3%BBt.docx\" target=\"_blank\" rel=\"noopener\">2013 &#8211; Outlast &#8211; Red Barrels<\/a><\/li><li><a title=\"2013 - Sang-Froid Tales of Werewolves - Artifice Studio\" href=\"https:\/\/www.ludov.ca\/documents\/Base%20de%20donnees%20JV%20QC\/2013%20-%20Sang-Froid%20Tales%20of%20Werewolves%20-%20Artifice%20Studio%20-%20AL%20-%2027%20ao%C3%BBt.docx\" target=\"_blank\" rel=\"noopener\">2013 &#8211; Sang-Froid Tales of Werewolves &#8211; Artifice Studio<\/a><\/li><li><a title=\"2014 - Hitman GO - Square Enix Montr\u00e9al\" href=\"https:\/\/www.ludov.ca\/documents\/Base%20de%20donnees%20JV%20QC\/2014%20-%20Hitman%20GO%20-%20Square%20Enix%20Montr%C3%A9al%20-%20AL%20-%2027%20ao%C3%BBt.docx\" target=\"_blank\" rel=\"noopener\">2014 &#8211; Hitman GO &#8211; Square Enix Montr\u00e9al<\/a><\/li><li><a title=\"2014 - Tadpole Tap - Outerminds\" href=\"https:\/\/www.ludov.ca\/documents\/Base%20de%20donnees%20JV%20QC\/2014%20-%20Tadpole%20Tap%20-%20Outerminds%20-%20AL%20-%2027%20ao%C3%BBt.docx\" target=\"_blank\" rel=\"noopener\">2014 &#8211; Tadpole Tap &#8211; Outerminds<\/a><\/li><li><a title=\"2015 - PewDiePie and the Legend of the Brofist - Outerminds\" href=\"https:\/\/www.ludov.ca\/documents\/Base%20de%20donnees%20JV%20QC\/2015%20-%20PewDiePie%20and%20the%20Legend%20of%20the%20Brofist%20-%20Outerminds.docx\" target=\"_blank\" rel=\"noopener\">2015 &#8211; PewDiePie and the Legend of the Brofist &#8211; Outerminds<\/a><\/li><li><a title=\"2016 - Ultimate Chicken Horse - Clever Endeavour Games\" href=\"https:\/\/www.ludov.ca\/documents\/Base%20de%20donnees%20JV%20QC\/2016%20-%20Ultimate%20Chicken%20Horse%20-%20Clever%20Endeavour%20Games%20-%20AL%20-%2028%20ao%C3%BBt.docx\" target=\"_blank\" rel=\"noopener\">2016 &#8211; Ultimate Chicken Horse &#8211; Clever Endeavour Games<\/a><\/li><li><a title=\"2016 - We Happy Few - Compulsion Games\" href=\"https:\/\/www.ludov.ca\/documents\/Base%20de%20donnees%20JV%20QC\/2016%20-%20We%20Happy%20Few%20-%20Compulsion%20Games%20-%20AL%20-%2020%20septembre.docx\" target=\"_blank\" rel=\"noopener\">2016 &#8211; We Happy Few &#8211; Compulsion Games<\/a><\/li><li><a title=\"2017 - Kona - Parabole\" href=\"https:\/\/www.ludov.ca\/documents\/Base%20de%20donnees%20JV%20QC\/2017%20-%20Kona%20-%20Parabole.docx\" target=\"_blank\" rel=\"noopener\">2017 &#8211; Kona &#8211; Parabole<\/a><\/li><li><a title=\"2017 - Mages of Mystralia - Borealys Games\" href=\"https:\/\/www.ludov.ca\/documents\/Base%20de%20donnees%20JV%20QC\/2017%20-%20Mages%20of%20Mystralia%20-%20Borealys%20Games.docx\" target=\"_blank\" rel=\"noopener\">2017 &#8211; Mages of Mystralia &#8211; Borealys Games<\/a><\/li><li><a title=\"2018 - Anamorphine - Artifact 5\" href=\"https:\/\/www.ludov.ca\/documents\/Base%20de%20donnees%20JV%20QC\/2018%20-%20Anamorphine%20-%20Artifact%205.docx\" target=\"_blank\" rel=\"noopener\">2018 &#8211; Anamorphine &#8211; Artifact 5<\/a><\/li><li><a title=\"2018 - The Messenger - Sabotage\" href=\"https:\/\/www.ludov.ca\/documents\/Base%20de%20donnees%20JV%20QC\/2018%20-%20The%20Messenger%20-%20Sabotage.docx\" target=\"_blank\" rel=\"noopener\">2018 &#8211; The Messenger &#8211; Sabotage<\/a><\/li><li><a title=\"2020 - Star Wars Squadrons - EA Motive\" href=\"https:\/\/www.ludov.ca\/documents\/Base%20de%20donnees%20JV%20QC\/2020%20-%20Star%20Wars%20Squadrons%20-%20EA%20Motive.docx\" target=\"_blank\" rel=\"noopener\">2020 &#8211; Star Wars Squadrons &#8211; EA Motive<\/a><\/li><\/ul>\t\t\t\t\t\t\t\t<\/div>\n\t\t\t\t<\/div>\n\t\t\t\t<\/div>\n\t\t\t\t<\/div>\n\t\t","protected":false},"excerpt":{"rendered":"<p>1982 &#8211; T\u00eatards &#8211; Marc-Antoine Parent et Vincent C\u00f4t\u00e9 1984 &#8211; Mimi Les aventures de Mimi la fourmi &#8211; Anne Bergeron 1989 &#8211; Le fou du roi &#8211; Loto-Qu\u00e9bec 1990 &#8230;<\/p>\n","protected":false},"author":1,"featured_media":0,"parent":2964,"menu_order":0,"comment_status":"closed","ping_status":"closed","template":"template-left-sidebar.php","meta":{"_monsterinsights_skip_tracking":false,"_monsterinsights_sitenote_active":false,"_monsterinsights_sitenote_note":"","_monsterinsights_sitenote_category":0,"footnotes":""},"class_list":["post-2482","page","type-page","status-publish","hentry"],"yoast_head":"<!-- This site is optimized with the Yoast SEO plugin v27.2 - https:\/\/yoast.com\/product\/yoast-seo-wordpress\/ -->\n<title>Base de donn\u00e9es des jeux vid\u00e9o qu\u00e9b\u00e9cois - LUDOV<\/title>\n<meta name=\"robots\" content=\"index, follow, max-snippet:-1, max-image-preview:large, max-video-preview:-1\" \/>\n<link rel=\"canonical\" href=\"https:\/\/www.ludov.ca\/fr\/documentation\/le-jeu-video-au-quebec\/base-de-donnees-des-jeux-video-quebecois\/\" \/>\n<meta property=\"og:locale\" content=\"fr_FR\" \/>\n<meta property=\"og:type\" content=\"article\" \/>\n<meta property=\"og:title\" content=\"Base de donn\u00e9es des jeux vid\u00e9o qu\u00e9b\u00e9cois - LUDOV\" \/>\n<meta property=\"og:description\" content=\"1982 &#8211; T\u00eatards &#8211; Marc-Antoine Parent et Vincent C\u00f4t\u00e9 1984 &#8211; Mimi Les aventures de Mimi la fourmi &#8211; Anne Bergeron 1989 &#8211; Le fou du roi &#8211; Loto-Qu\u00e9bec 1990 ...\" \/>\n<meta property=\"og:url\" content=\"https:\/\/www.ludov.ca\/fr\/documentation\/le-jeu-video-au-quebec\/base-de-donnees-des-jeux-video-quebecois\/\" \/>\n<meta property=\"og:site_name\" content=\"LUDOV\" \/>\n<meta property=\"article:publisher\" content=\"https:\/\/www.facebook.com\/LUDOVUdeM\/\" \/>\n<meta property=\"article:modified_time\" content=\"2025-06-04T00:12:59+00:00\" \/>\n<meta property=\"og:image\" content=\"https:\/\/www.ludov.ca\/wp-content\/uploads\/2024\/05\/LUDOV_web_splash_logo.jpg\" \/>\n\t<meta property=\"og:image:width\" content=\"1320\" \/>\n\t<meta property=\"og:image:height\" content=\"323\" \/>\n\t<meta property=\"og:image:type\" content=\"image\/jpeg\" \/>\n<meta name=\"twitter:card\" content=\"summary_large_image\" \/>\n<meta name=\"twitter:label1\" content=\"Dur\u00e9e de lecture estim\u00e9e\" \/>\n\t<meta name=\"twitter:data1\" content=\"1 minute\" \/>\n<script type=\"application\/ld+json\" class=\"yoast-schema-graph\">{\"@context\":\"https:\/\/schema.org\",\"@graph\":[{\"@type\":\"WebPage\",\"@id\":\"https:\/\/www.ludov.ca\/fr\/documentation\/le-jeu-video-au-quebec\/base-de-donnees-des-jeux-video-quebecois\/\",\"url\":\"https:\/\/www.ludov.ca\/fr\/documentation\/le-jeu-video-au-quebec\/base-de-donnees-des-jeux-video-quebecois\/\",\"name\":\"Base de donn\u00e9es des jeux vid\u00e9o qu\u00e9b\u00e9cois - LUDOV\",\"isPartOf\":{\"@id\":\"https:\/\/www.ludov.ca\/fr\/#website\"},\"datePublished\":\"2025-01-23T15:16:40+00:00\",\"dateModified\":\"2025-06-04T00:12:59+00:00\",\"breadcrumb\":{\"@id\":\"https:\/\/www.ludov.ca\/fr\/documentation\/le-jeu-video-au-quebec\/base-de-donnees-des-jeux-video-quebecois\/#breadcrumb\"},\"inLanguage\":\"fr-FR\",\"potentialAction\":[{\"@type\":\"ReadAction\",\"target\":[\"https:\/\/www.ludov.ca\/fr\/documentation\/le-jeu-video-au-quebec\/base-de-donnees-des-jeux-video-quebecois\/\"]}]},{\"@type\":\"BreadcrumbList\",\"@id\":\"https:\/\/www.ludov.ca\/fr\/documentation\/le-jeu-video-au-quebec\/base-de-donnees-des-jeux-video-quebecois\/#breadcrumb\",\"itemListElement\":[{\"@type\":\"ListItem\",\"position\":1,\"name\":\"Accueil\",\"item\":\"https:\/\/www.ludov.ca\/fr\/\"},{\"@type\":\"ListItem\",\"position\":2,\"name\":\"Documentation\",\"item\":\"https:\/\/www.ludov.ca\/fr\/documentation\/\"},{\"@type\":\"ListItem\",\"position\":3,\"name\":\"Le jeu vid\u00e9o au Qu\u00e9bec\",\"item\":\"https:\/\/www.ludov.ca\/fr\/documentation\/le-jeu-video-au-quebec\/\"},{\"@type\":\"ListItem\",\"position\":4,\"name\":\"Base de donn\u00e9es des jeux vid\u00e9o qu\u00e9b\u00e9cois\"}]},{\"@type\":\"WebSite\",\"@id\":\"https:\/\/www.ludov.ca\/fr\/#website\",\"url\":\"https:\/\/www.ludov.ca\/fr\/\",\"name\":\"LUDOV\",\"description\":\"\",\"publisher\":{\"@id\":\"https:\/\/www.ludov.ca\/fr\/#organization\"},\"alternateName\":\"Laboratoire universitaire de documentation et d'observation vid\u00e9oludiques\",\"potentialAction\":[{\"@type\":\"SearchAction\",\"target\":{\"@type\":\"EntryPoint\",\"urlTemplate\":\"https:\/\/www.ludov.ca\/fr\/?s={search_term_string}\"},\"query-input\":{\"@type\":\"PropertyValueSpecification\",\"valueRequired\":true,\"valueName\":\"search_term_string\"}}],\"inLanguage\":\"fr-FR\"},{\"@type\":\"Organization\",\"@id\":\"https:\/\/www.ludov.ca\/fr\/#organization\",\"name\":\"LUDOV\",\"url\":\"https:\/\/www.ludov.ca\/fr\/\",\"logo\":{\"@type\":\"ImageObject\",\"inLanguage\":\"fr-FR\",\"@id\":\"https:\/\/www.ludov.ca\/fr\/#\/schema\/logo\/image\/\",\"url\":\"https:\/\/www.ludov.ca\/wp-content\/uploads\/2023\/08\/LUDOV_web_logo_final.png\",\"contentUrl\":\"https:\/\/www.ludov.ca\/wp-content\/uploads\/2023\/08\/LUDOV_web_logo_final.png\",\"width\":1169,\"height\":1139,\"caption\":\"LUDOV\"},\"image\":{\"@id\":\"https:\/\/www.ludov.ca\/fr\/#\/schema\/logo\/image\/\"},\"sameAs\":[\"https:\/\/www.facebook.com\/LUDOVUdeM\/\",\"https:\/\/www.youtube.com\/@LUDOVUdeM\"]}]}<\/script>\n<!-- \/ Yoast SEO plugin. -->","yoast_head_json":{"title":"Base de donn\u00e9es des jeux vid\u00e9o qu\u00e9b\u00e9cois - LUDOV","robots":{"index":"index","follow":"follow","max-snippet":"max-snippet:-1","max-image-preview":"max-image-preview:large","max-video-preview":"max-video-preview:-1"},"canonical":"https:\/\/www.ludov.ca\/fr\/documentation\/le-jeu-video-au-quebec\/base-de-donnees-des-jeux-video-quebecois\/","og_locale":"fr_FR","og_type":"article","og_title":"Base de donn\u00e9es des jeux vid\u00e9o qu\u00e9b\u00e9cois - LUDOV","og_description":"1982 &#8211; T\u00eatards &#8211; Marc-Antoine Parent et Vincent C\u00f4t\u00e9 1984 &#8211; Mimi Les aventures de Mimi la fourmi &#8211; Anne Bergeron 1989 &#8211; Le fou du roi &#8211; Loto-Qu\u00e9bec 1990 ...","og_url":"https:\/\/www.ludov.ca\/fr\/documentation\/le-jeu-video-au-quebec\/base-de-donnees-des-jeux-video-quebecois\/","og_site_name":"LUDOV","article_publisher":"https:\/\/www.facebook.com\/LUDOVUdeM\/","article_modified_time":"2025-06-04T00:12:59+00:00","og_image":[{"width":1320,"height":323,"url":"https:\/\/www.ludov.ca\/wp-content\/uploads\/2024\/05\/LUDOV_web_splash_logo.jpg","type":"image\/jpeg"}],"twitter_card":"summary_large_image","twitter_misc":{"Dur\u00e9e de lecture estim\u00e9e":"1 minute"},"schema":{"@context":"https:\/\/schema.org","@graph":[{"@type":"WebPage","@id":"https:\/\/www.ludov.ca\/fr\/documentation\/le-jeu-video-au-quebec\/base-de-donnees-des-jeux-video-quebecois\/","url":"https:\/\/www.ludov.ca\/fr\/documentation\/le-jeu-video-au-quebec\/base-de-donnees-des-jeux-video-quebecois\/","name":"Base de donn\u00e9es des jeux vid\u00e9o qu\u00e9b\u00e9cois - LUDOV","isPartOf":{"@id":"https:\/\/www.ludov.ca\/fr\/#website"},"datePublished":"2025-01-23T15:16:40+00:00","dateModified":"2025-06-04T00:12:59+00:00","breadcrumb":{"@id":"https:\/\/www.ludov.ca\/fr\/documentation\/le-jeu-video-au-quebec\/base-de-donnees-des-jeux-video-quebecois\/#breadcrumb"},"inLanguage":"fr-FR","potentialAction":[{"@type":"ReadAction","target":["https:\/\/www.ludov.ca\/fr\/documentation\/le-jeu-video-au-quebec\/base-de-donnees-des-jeux-video-quebecois\/"]}]},{"@type":"BreadcrumbList","@id":"https:\/\/www.ludov.ca\/fr\/documentation\/le-jeu-video-au-quebec\/base-de-donnees-des-jeux-video-quebecois\/#breadcrumb","itemListElement":[{"@type":"ListItem","position":1,"name":"Accueil","item":"https:\/\/www.ludov.ca\/fr\/"},{"@type":"ListItem","position":2,"name":"Documentation","item":"https:\/\/www.ludov.ca\/fr\/documentation\/"},{"@type":"ListItem","position":3,"name":"Le jeu vid\u00e9o au Qu\u00e9bec","item":"https:\/\/www.ludov.ca\/fr\/documentation\/le-jeu-video-au-quebec\/"},{"@type":"ListItem","position":4,"name":"Base de donn\u00e9es des jeux vid\u00e9o qu\u00e9b\u00e9cois"}]},{"@type":"WebSite","@id":"https:\/\/www.ludov.ca\/fr\/#website","url":"https:\/\/www.ludov.ca\/fr\/","name":"LUDOV","description":"","publisher":{"@id":"https:\/\/www.ludov.ca\/fr\/#organization"},"alternateName":"Laboratoire universitaire de documentation et d'observation vid\u00e9oludiques","potentialAction":[{"@type":"SearchAction","target":{"@type":"EntryPoint","urlTemplate":"https:\/\/www.ludov.ca\/fr\/?s={search_term_string}"},"query-input":{"@type":"PropertyValueSpecification","valueRequired":true,"valueName":"search_term_string"}}],"inLanguage":"fr-FR"},{"@type":"Organization","@id":"https:\/\/www.ludov.ca\/fr\/#organization","name":"LUDOV","url":"https:\/\/www.ludov.ca\/fr\/","logo":{"@type":"ImageObject","inLanguage":"fr-FR","@id":"https:\/\/www.ludov.ca\/fr\/#\/schema\/logo\/image\/","url":"https:\/\/www.ludov.ca\/wp-content\/uploads\/2023\/08\/LUDOV_web_logo_final.png","contentUrl":"https:\/\/www.ludov.ca\/wp-content\/uploads\/2023\/08\/LUDOV_web_logo_final.png","width":1169,"height":1139,"caption":"LUDOV"},"image":{"@id":"https:\/\/www.ludov.ca\/fr\/#\/schema\/logo\/image\/"},"sameAs":["https:\/\/www.facebook.com\/LUDOVUdeM\/","https:\/\/www.youtube.com\/@LUDOVUdeM"]}]}},"_links":{"self":[{"href":"https:\/\/www.ludov.ca\/fr\/wp-json\/wp\/v2\/pages\/2482","targetHints":{"allow":["GET"]}}],"collection":[{"href":"https:\/\/www.ludov.ca\/fr\/wp-json\/wp\/v2\/pages"}],"about":[{"href":"https:\/\/www.ludov.ca\/fr\/wp-json\/wp\/v2\/types\/page"}],"author":[{"embeddable":true,"href":"https:\/\/www.ludov.ca\/fr\/wp-json\/wp\/v2\/users\/1"}],"replies":[{"embeddable":true,"href":"https:\/\/www.ludov.ca\/fr\/wp-json\/wp\/v2\/comments?post=2482"}],"version-history":[{"count":1,"href":"https:\/\/www.ludov.ca\/fr\/wp-json\/wp\/v2\/pages\/2482\/revisions"}],"predecessor-version":[{"id":3607,"href":"https:\/\/www.ludov.ca\/fr\/wp-json\/wp\/v2\/pages\/2482\/revisions\/3607"}],"up":[{"embeddable":true,"href":"https:\/\/www.ludov.ca\/fr\/wp-json\/wp\/v2\/pages\/2964"}],"wp:attachment":[{"href":"https:\/\/www.ludov.ca\/fr\/wp-json\/wp\/v2\/media?parent=2482"}],"curies":[{"name":"wp","href":"https:\/\/api.w.org\/{rel}","templated":true}]}}