{"id":3445,"date":"2025-05-16T14:53:37","date_gmt":"2025-05-16T18:53:37","guid":{"rendered":"https:\/\/www.ludov.ca\/?page_id=3445"},"modified":"2025-06-03T20:15:26","modified_gmt":"2025-06-04T00:15:26","slug":"kona","status":"publish","type":"page","link":"https:\/\/www.ludov.ca\/fr\/documentation\/le-jeu-video-au-quebec\/kona\/","title":{"rendered":"Kona"},"content":{"rendered":"\t\t<div data-elementor-type=\"wp-page\" data-elementor-id=\"3445\" class=\"elementor elementor-3445\">\n\t\t\t\t<div class=\"elementor-element elementor-element-b9a7cda e-flex e-con-boxed e-con e-parent\" data-id=\"b9a7cda\" data-element_type=\"container\" data-e-type=\"container\">\n\t\t\t\t\t<div class=\"e-con-inner\">\n\t\t\t\t<div class=\"elementor-element elementor-element-7e608ae elementor-widget elementor-widget-text-editor\" data-id=\"7e608ae\" data-element_type=\"widget\" data-e-type=\"widget\" data-widget_type=\"text-editor.default\">\n\t\t\t\t<div class=\"elementor-widget-container\">\n\t\t\t\t\t\t\t\t\t<p>Dans cette pr\u00e9sentation, Francis Lavigne et Bernard Perron s&rsquo;inspirent d&rsquo;Umberto Eco et son livre\u00a0<em>Six promenades dans les bois du roman et d&rsquo;ailleurs<\/em>:\u00a0<\/p>\t\t\t\t\t\t\t\t<\/div>\n\t\t\t\t<\/div>\n\t\t\t\t<div class=\"elementor-element elementor-element-07bb450 elementor-widget elementor-widget-text-editor\" data-id=\"07bb450\" data-element_type=\"widget\" data-e-type=\"widget\" data-widget_type=\"text-editor.default\">\n\t\t\t\t<div class=\"elementor-widget-container\">\n\t\t\t\t\t\t\t\t\t<p><em>Dans cet essai, l&rsquo;auteur d\u00e9monte les m\u00e9canismes de la lecture, \u00e9tudie les rapports entre lecteur et histoire, entre fiction et r\u00e9alit\u00e9 pour d\u00e9jouer les pi\u00e8ges de leur interp\u00e9n\u00e9tration. Pour lui, plus on analyse une oeuvre, plus la jouissance de lire est grande. Il illustre ses th\u00e8ses avec une foison d&rsquo;exemples h\u00e9t\u00e9roclites, utilisant m\u00eame ses propres \u00e9crits.<\/em><\/p>\t\t\t\t\t\t\t\t<\/div>\n\t\t\t\t<\/div>\n\t\t\t\t<div class=\"elementor-element elementor-element-8852704 elementor-widget elementor-widget-text-editor\" data-id=\"8852704\" data-element_type=\"widget\" data-e-type=\"widget\" data-widget_type=\"text-editor.default\">\n\t\t\t\t<div class=\"elementor-widget-container\">\n\t\t\t\t\t\t\t\t\t<p>Ils parcourent le jeu\u00a0<em>Kona\u00a0<\/em>en relevant de nombreuses r\u00e9f\u00e9rences intertextuelles \u00e0 des films, personnages, contes et l\u00e9gendes, objets, marques d\u00e9pos\u00e9es et pratiques culturelles qu\u00e9b\u00e9coises. Le jeu s&rsquo;inscrit aussi dans l&rsquo;histoire du Qu\u00e9bec, au tournant de la r\u00e9volution tranquille et des luttes du Front de lib\u00e9ration du Qu\u00e9bec. D\u00e8s le d\u00e9but et jusqu&rsquo;\u00e0 la fin, l&rsquo;intrigue tourne autour du pouvoir \u00e9conomique (in\u00e9galement r\u00e9parti entre un propri\u00e9taire industriel anglophone et des ouvriers canadiens-fran\u00e7ais), des luttes pour occuper le territoire (d&rsquo;abord ravi \u00e0 la communaut\u00e9 Crie), et des figures cl\u00e9 des r\u00e9cits et l\u00e9gendes de la province (du cur\u00e9 de petite paroisse au Wendigo). La promenade se termine sur les produits de consommation, v\u00e9hicules, et autres objets du quotidien que\u00a0<em>Kona\u00a0<\/em>reproduit avec soin pour construire son ambiance qu\u00e9b\u00e9coise.<\/p>\t\t\t\t\t\t\t\t<\/div>\n\t\t\t\t<\/div>\n\t\t\t\t\t<\/div>\n\t\t\t\t<\/div>\n\t\t<div class=\"elementor-element elementor-element-5b821e3 e-flex e-con-boxed e-con e-parent\" data-id=\"5b821e3\" data-element_type=\"container\" data-e-type=\"container\">\n\t\t\t\t\t<div class=\"e-con-inner\">\n\t\t\t\t<div class=\"elementor-element elementor-element-b2ed4b7 elementor-widget elementor-widget-text-editor\" data-id=\"b2ed4b7\" data-element_type=\"widget\" data-e-type=\"widget\" data-widget_type=\"text-editor.default\">\n\t\t\t\t<div class=\"elementor-widget-container\">\n\t\t\t\t\t\t\t\t\t<p><style>\n    .ppv_container.de_69eb3a38832fd {\n        width: 100%;\n        height: 700px;\n        display: flex;\n        flex-direction: column;\n        position: relative;\n    }\n\n    @media (max-width: 991px) {\n        .ppv_container.de_69eb3a38832fd {\n            width: 100%;\n            height: 700px;\n        }\n    }\n\n    @media (max-width: 767px) {\n        .ppv_container.de_69eb3a38832fd {\n            width: 100%;\n            height: 700px;\n        }\n    }\n\n    .de_69eb3a38832fd.document-preview {\n        width: 100%;\n        flex: 1;\n        display: flex;\n        flex-direction: column;\n    }\n\n    .de_69eb3a38832fdiframe {\n        width: 100%;\n        height: 100%;\n        flex: 1;\n        border: none;\n    }\n\n    .ppv-loading {\n        width: inherit;\n        position: absolute;\n        top: 50%;\n        left: 0;\n        font-family: sans-serif;\n        color: #666;\n        z-index: 1;\n        display: flex;\n        justify-content: center;\n    }\n<\/style>\n<div class=\"ppv_container de_69eb3a38832fd\">\n\n        <div class=\"ppv-loading\">PDF Loading&#8230;<\/div>\n    <div class=\"document-preview\" style=\"height: inherit; width: inherit;\">\n        <iframe style=\"width: 100%; height: 100%;\" src=\"\/\/docs.google.com\/gview?embedded=true&#038;url=https:\/\/www.ludov.ca\/wp-content\/uploads\/2025\/05\/KONA-Lavigne-et-Perron-3.pptx\" frameborder=\"0\"><\/iframe>\n    <\/div>\n    <\/div>\n\n<\/p>\t\t\t\t\t\t\t\t<\/div>\n\t\t\t\t<\/div>\n\t\t\t\t\t<\/div>\n\t\t\t\t<\/div>\n\t\t\t\t<\/div>\n\t\t","protected":false},"excerpt":{"rendered":"<p>Dans cette pr\u00e9sentation, Francis Lavigne et Bernard Perron s&rsquo;inspirent d&rsquo;Umberto Eco et son livre\u00a0Six promenades dans les bois du roman et d&rsquo;ailleurs: Dans cet essai, l&rsquo;auteur d\u00e9monte les m\u00e9canismes de &#8230;<\/p>\n","protected":false},"author":5,"featured_media":0,"parent":2964,"menu_order":3,"comment_status":"closed","ping_status":"closed","template":"template-left-sidebar.php","meta":{"_monsterinsights_skip_tracking":false,"_monsterinsights_sitenote_active":false,"_monsterinsights_sitenote_note":"","_monsterinsights_sitenote_category":0,"footnotes":""},"class_list":["post-3445","page","type-page","status-publish","hentry"],"yoast_head":"<!-- This site is optimized with the Yoast SEO plugin v27.4 - https:\/\/yoast.com\/product\/yoast-seo-wordpress\/ -->\n<title>Kona - LUDOV<\/title>\n<meta name=\"description\" content=\"Compte rendu d&#039;entrevue (Artifice Studio, Sang-Froid: Un conte de loups-garous) sur le jeu vid\u00e9o au Qu\u00e9bec: culture et \u00e9conomie.\" \/>\n<meta name=\"robots\" content=\"index, follow, max-snippet:-1, max-image-preview:large, max-video-preview:-1\" \/>\n<link rel=\"canonical\" href=\"https:\/\/www.ludov.ca\/fr\/documentation\/le-jeu-video-au-quebec\/kona\/\" \/>\n<meta property=\"og:locale\" content=\"fr_FR\" \/>\n<meta property=\"og:type\" content=\"article\" \/>\n<meta property=\"og:title\" content=\"Kona - LUDOV\" \/>\n<meta property=\"og:description\" content=\"Compte rendu d&#039;entrevue (Artifice Studio, Sang-Froid: Un conte de loups-garous) sur le jeu vid\u00e9o au Qu\u00e9bec: culture et \u00e9conomie.\" \/>\n<meta property=\"og:url\" content=\"https:\/\/www.ludov.ca\/fr\/documentation\/le-jeu-video-au-quebec\/kona\/\" \/>\n<meta property=\"og:site_name\" content=\"LUDOV\" \/>\n<meta property=\"article:publisher\" content=\"https:\/\/www.facebook.com\/LUDOVUdeM\/\" \/>\n<meta property=\"article:modified_time\" content=\"2025-06-04T00:15:26+00:00\" \/>\n<meta property=\"og:image\" content=\"https:\/\/www.ludov.ca\/wp-content\/uploads\/2024\/05\/LUDOV_web_splash_logo.jpg\" \/>\n\t<meta property=\"og:image:width\" content=\"1320\" \/>\n\t<meta property=\"og:image:height\" content=\"323\" \/>\n\t<meta property=\"og:image:type\" content=\"image\/jpeg\" \/>\n<meta name=\"twitter:card\" content=\"summary_large_image\" \/>\n<meta name=\"twitter:label1\" content=\"Dur\u00e9e de lecture estim\u00e9e\" \/>\n\t<meta name=\"twitter:data1\" content=\"2 minutes\" \/>\n<script type=\"application\/ld+json\" class=\"yoast-schema-graph\">{\"@context\":\"https:\\\/\\\/schema.org\",\"@graph\":[{\"@type\":\"WebPage\",\"@id\":\"https:\\\/\\\/www.ludov.ca\\\/fr\\\/documentation\\\/le-jeu-video-au-quebec\\\/kona\\\/\",\"url\":\"https:\\\/\\\/www.ludov.ca\\\/fr\\\/documentation\\\/le-jeu-video-au-quebec\\\/kona\\\/\",\"name\":\"Kona - LUDOV\",\"isPartOf\":{\"@id\":\"https:\\\/\\\/www.ludov.ca\\\/fr\\\/#website\"},\"datePublished\":\"2025-05-16T18:53:37+00:00\",\"dateModified\":\"2025-06-04T00:15:26+00:00\",\"description\":\"Compte rendu d'entrevue (Artifice Studio, Sang-Froid: Un conte de loups-garous) sur le jeu vid\u00e9o au Qu\u00e9bec: culture et \u00e9conomie.\",\"breadcrumb\":{\"@id\":\"https:\\\/\\\/www.ludov.ca\\\/fr\\\/documentation\\\/le-jeu-video-au-quebec\\\/kona\\\/#breadcrumb\"},\"inLanguage\":\"fr-FR\",\"potentialAction\":[{\"@type\":\"ReadAction\",\"target\":[\"https:\\\/\\\/www.ludov.ca\\\/fr\\\/documentation\\\/le-jeu-video-au-quebec\\\/kona\\\/\"]}]},{\"@type\":\"BreadcrumbList\",\"@id\":\"https:\\\/\\\/www.ludov.ca\\\/fr\\\/documentation\\\/le-jeu-video-au-quebec\\\/kona\\\/#breadcrumb\",\"itemListElement\":[{\"@type\":\"ListItem\",\"position\":1,\"name\":\"Accueil\",\"item\":\"https:\\\/\\\/www.ludov.ca\\\/fr\\\/\"},{\"@type\":\"ListItem\",\"position\":2,\"name\":\"Documentation\",\"item\":\"https:\\\/\\\/www.ludov.ca\\\/fr\\\/documentation\\\/\"},{\"@type\":\"ListItem\",\"position\":3,\"name\":\"Le jeu vid\u00e9o au Qu\u00e9bec\",\"item\":\"https:\\\/\\\/www.ludov.ca\\\/fr\\\/documentation\\\/le-jeu-video-au-quebec\\\/\"},{\"@type\":\"ListItem\",\"position\":4,\"name\":\"Kona\"}]},{\"@type\":\"WebSite\",\"@id\":\"https:\\\/\\\/www.ludov.ca\\\/fr\\\/#website\",\"url\":\"https:\\\/\\\/www.ludov.ca\\\/fr\\\/\",\"name\":\"LUDOV\",\"description\":\"\",\"publisher\":{\"@id\":\"https:\\\/\\\/www.ludov.ca\\\/fr\\\/#organization\"},\"alternateName\":\"Laboratoire universitaire de documentation et d'observation vid\u00e9oludiques\",\"potentialAction\":[{\"@type\":\"SearchAction\",\"target\":{\"@type\":\"EntryPoint\",\"urlTemplate\":\"https:\\\/\\\/www.ludov.ca\\\/fr\\\/?s={search_term_string}\"},\"query-input\":{\"@type\":\"PropertyValueSpecification\",\"valueRequired\":true,\"valueName\":\"search_term_string\"}}],\"inLanguage\":\"fr-FR\"},{\"@type\":\"Organization\",\"@id\":\"https:\\\/\\\/www.ludov.ca\\\/fr\\\/#organization\",\"name\":\"LUDOV\",\"url\":\"https:\\\/\\\/www.ludov.ca\\\/fr\\\/\",\"logo\":{\"@type\":\"ImageObject\",\"inLanguage\":\"fr-FR\",\"@id\":\"https:\\\/\\\/www.ludov.ca\\\/fr\\\/#\\\/schema\\\/logo\\\/image\\\/\",\"url\":\"https:\\\/\\\/www.ludov.ca\\\/wp-content\\\/uploads\\\/2023\\\/08\\\/LUDOV_web_logo_final.png\",\"contentUrl\":\"https:\\\/\\\/www.ludov.ca\\\/wp-content\\\/uploads\\\/2023\\\/08\\\/LUDOV_web_logo_final.png\",\"width\":1169,\"height\":1139,\"caption\":\"LUDOV\"},\"image\":{\"@id\":\"https:\\\/\\\/www.ludov.ca\\\/fr\\\/#\\\/schema\\\/logo\\\/image\\\/\"},\"sameAs\":[\"https:\\\/\\\/www.facebook.com\\\/LUDOVUdeM\\\/\",\"https:\\\/\\\/www.youtube.com\\\/@LUDOVUdeM\"]}]}<\/script>\n<!-- \/ Yoast SEO plugin. -->","yoast_head_json":{"title":"Kona - LUDOV","description":"Compte rendu d'entrevue (Artifice Studio, Sang-Froid: Un conte de loups-garous) sur le jeu vid\u00e9o au Qu\u00e9bec: culture et \u00e9conomie.","robots":{"index":"index","follow":"follow","max-snippet":"max-snippet:-1","max-image-preview":"max-image-preview:large","max-video-preview":"max-video-preview:-1"},"canonical":"https:\/\/www.ludov.ca\/fr\/documentation\/le-jeu-video-au-quebec\/kona\/","og_locale":"fr_FR","og_type":"article","og_title":"Kona - LUDOV","og_description":"Compte rendu d'entrevue (Artifice Studio, Sang-Froid: Un conte de loups-garous) sur le jeu vid\u00e9o au Qu\u00e9bec: culture et \u00e9conomie.","og_url":"https:\/\/www.ludov.ca\/fr\/documentation\/le-jeu-video-au-quebec\/kona\/","og_site_name":"LUDOV","article_publisher":"https:\/\/www.facebook.com\/LUDOVUdeM\/","article_modified_time":"2025-06-04T00:15:26+00:00","og_image":[{"width":1320,"height":323,"url":"https:\/\/www.ludov.ca\/wp-content\/uploads\/2024\/05\/LUDOV_web_splash_logo.jpg","type":"image\/jpeg"}],"twitter_card":"summary_large_image","twitter_misc":{"Dur\u00e9e de lecture estim\u00e9e":"2 minutes"},"schema":{"@context":"https:\/\/schema.org","@graph":[{"@type":"WebPage","@id":"https:\/\/www.ludov.ca\/fr\/documentation\/le-jeu-video-au-quebec\/kona\/","url":"https:\/\/www.ludov.ca\/fr\/documentation\/le-jeu-video-au-quebec\/kona\/","name":"Kona - LUDOV","isPartOf":{"@id":"https:\/\/www.ludov.ca\/fr\/#website"},"datePublished":"2025-05-16T18:53:37+00:00","dateModified":"2025-06-04T00:15:26+00:00","description":"Compte rendu d'entrevue (Artifice Studio, Sang-Froid: Un conte de loups-garous) sur le jeu vid\u00e9o au Qu\u00e9bec: culture et \u00e9conomie.","breadcrumb":{"@id":"https:\/\/www.ludov.ca\/fr\/documentation\/le-jeu-video-au-quebec\/kona\/#breadcrumb"},"inLanguage":"fr-FR","potentialAction":[{"@type":"ReadAction","target":["https:\/\/www.ludov.ca\/fr\/documentation\/le-jeu-video-au-quebec\/kona\/"]}]},{"@type":"BreadcrumbList","@id":"https:\/\/www.ludov.ca\/fr\/documentation\/le-jeu-video-au-quebec\/kona\/#breadcrumb","itemListElement":[{"@type":"ListItem","position":1,"name":"Accueil","item":"https:\/\/www.ludov.ca\/fr\/"},{"@type":"ListItem","position":2,"name":"Documentation","item":"https:\/\/www.ludov.ca\/fr\/documentation\/"},{"@type":"ListItem","position":3,"name":"Le jeu vid\u00e9o au Qu\u00e9bec","item":"https:\/\/www.ludov.ca\/fr\/documentation\/le-jeu-video-au-quebec\/"},{"@type":"ListItem","position":4,"name":"Kona"}]},{"@type":"WebSite","@id":"https:\/\/www.ludov.ca\/fr\/#website","url":"https:\/\/www.ludov.ca\/fr\/","name":"LUDOV","description":"","publisher":{"@id":"https:\/\/www.ludov.ca\/fr\/#organization"},"alternateName":"Laboratoire universitaire de documentation et d'observation vid\u00e9oludiques","potentialAction":[{"@type":"SearchAction","target":{"@type":"EntryPoint","urlTemplate":"https:\/\/www.ludov.ca\/fr\/?s={search_term_string}"},"query-input":{"@type":"PropertyValueSpecification","valueRequired":true,"valueName":"search_term_string"}}],"inLanguage":"fr-FR"},{"@type":"Organization","@id":"https:\/\/www.ludov.ca\/fr\/#organization","name":"LUDOV","url":"https:\/\/www.ludov.ca\/fr\/","logo":{"@type":"ImageObject","inLanguage":"fr-FR","@id":"https:\/\/www.ludov.ca\/fr\/#\/schema\/logo\/image\/","url":"https:\/\/www.ludov.ca\/wp-content\/uploads\/2023\/08\/LUDOV_web_logo_final.png","contentUrl":"https:\/\/www.ludov.ca\/wp-content\/uploads\/2023\/08\/LUDOV_web_logo_final.png","width":1169,"height":1139,"caption":"LUDOV"},"image":{"@id":"https:\/\/www.ludov.ca\/fr\/#\/schema\/logo\/image\/"},"sameAs":["https:\/\/www.facebook.com\/LUDOVUdeM\/","https:\/\/www.youtube.com\/@LUDOVUdeM"]}]}},"_links":{"self":[{"href":"https:\/\/www.ludov.ca\/fr\/wp-json\/wp\/v2\/pages\/3445","targetHints":{"allow":["GET"]}}],"collection":[{"href":"https:\/\/www.ludov.ca\/fr\/wp-json\/wp\/v2\/pages"}],"about":[{"href":"https:\/\/www.ludov.ca\/fr\/wp-json\/wp\/v2\/types\/page"}],"author":[{"embeddable":true,"href":"https:\/\/www.ludov.ca\/fr\/wp-json\/wp\/v2\/users\/5"}],"replies":[{"embeddable":true,"href":"https:\/\/www.ludov.ca\/fr\/wp-json\/wp\/v2\/comments?post=3445"}],"version-history":[{"count":1,"href":"https:\/\/www.ludov.ca\/fr\/wp-json\/wp\/v2\/pages\/3445\/revisions"}],"predecessor-version":[{"id":3609,"href":"https:\/\/www.ludov.ca\/fr\/wp-json\/wp\/v2\/pages\/3445\/revisions\/3609"}],"up":[{"embeddable":true,"href":"https:\/\/www.ludov.ca\/fr\/wp-json\/wp\/v2\/pages\/2964"}],"wp:attachment":[{"href":"https:\/\/www.ludov.ca\/fr\/wp-json\/wp\/v2\/media?parent=3445"}],"curies":[{"name":"wp","href":"https:\/\/api.w.org\/{rel}","templated":true}]}}