{"id":420,"date":"2024-05-14T19:47:46","date_gmt":"2024-05-14T19:47:46","guid":{"rendered":"https:\/\/www.ludov.ca\/?page_id=420"},"modified":"2026-01-09T11:07:06","modified_gmt":"2026-01-09T16:07:06","slug":"evolution-de-la-publicite","status":"publish","type":"page","link":"https:\/\/www.ludov.ca\/fr\/documentation\/evolution-de-la-publicite\/","title":{"rendered":"Visionneuse: marketing"},"content":{"rendered":"\t\t<div data-elementor-type=\"wp-page\" data-elementor-id=\"420\" class=\"elementor elementor-420\">\n\t\t\t\t<div class=\"elementor-element elementor-element-ea84a52 e-con-full e-flex e-con e-parent\" data-id=\"ea84a52\" data-element_type=\"container\" data-e-type=\"container\">\n\t\t\t\t<div class=\"elementor-element elementor-element-26fea12 elementor-widget elementor-widget-text-editor\" data-id=\"26fea12\" data-element_type=\"widget\" data-e-type=\"widget\" data-widget_type=\"text-editor.default\">\n\t\t\t\t<div class=\"elementor-widget-container\">\n\t\t\t\t\t\t\t\t\t<p style=\"font-weight: 400;\">Qu\u2019est-ce que la culture vid\u00e9oludique? Comment peut-on documenter son \u00e9volution depuis ses balbutiements au milieu du 20e si\u00e8cle?<\/p><p style=\"font-weight: 400;\">Le SHAC (<b><strong>Syst\u00e8me Historico-Analytique Comparatif<\/strong><\/b>) a \u00e9t\u00e9 d\u00e9velopp\u00e9 par des chercheur-ses de l\u2019Universit\u00e9 de Montr\u00e9al au cours des dix derni\u00e8res ann\u00e9es. Il comprend plusieurs outils qui permettent de\u00a0<b><strong>visualiser l\u2019\u00e9volution de la culture vid\u00e9oludique<\/strong><\/b>\u00a0et d\u2019effectuer des\u00a0<b><strong>comparaisons entre les dix r\u00e9gions partenaires<\/strong><\/b>\u00a0du projet (Am\u00e9rique du Nord \/ \u00cele de la tortue, Br\u00e9sil, Finlande, France, Inde, Iran, Japon, Pologne, Royaume-Uni, Tch\u00e9quie).<\/p><p style=\"font-weight: 400;\">L\u2019objectif du projet est de comprendre l\u2019\u00e9volution de l\u2019exp\u00e9rience ludique \u00e0 travers\u00a0<b><strong>deux ensembles de traces<\/strong><\/b>\u00a0analys\u00e9s de mani\u00e8re syst\u00e9matique : la jouabilit\u00e9 de\u00a0<b><strong>2000 jeux vid\u00e9o<\/strong><\/b>\u00a0(s\u00e9lectionn\u00e9s par des comit\u00e9s experts diversifi\u00e9s au sein des dix r\u00e9gions partenaires), et le\u00a0<b><strong>discours promotionnel<\/strong><\/b>\u00a0qui encadre des dizaines de milliers de jeux. Nous connaissons beaucoup de jeux vid\u00e9o \u00e0 travers ce contact promotionnel, et donc notre exp\u00e9rience de l\u2019histoire du m\u00e9dia est largement d\u00e9termin\u00e9e par les d\u00e9partements marketings des diff\u00e9rentes compagnies.<\/p><p style=\"font-weight: 400;\">La nouvelle version du SHAC prend acte des chamboulements r\u00e9cents qui affectent l\u2019historiographie du jeu vid\u00e9o : le mouvement pour la\u00a0<b><strong>d\u00e9colonisation des archives<\/strong><\/b>, la\u00a0<b><strong>valorisation des histoires \u00ab mineures \u00bb<\/strong><\/b>\u00a0et la volont\u00e9 de\u00a0<b><strong>retracer la diversit\u00e9<\/strong><\/b>\u00a0qui a toujours \u00e9t\u00e9 bien pr\u00e9sente et qui fait la richesse de cette culture. D\u2019ici 2026, le projet rendra visible toute cette richesse gr\u00e2ce \u00e0 la collaboration de comit\u00e9s de s\u00e9lection diversifi\u00e9s et de jeunes universitaires d\u00e9vou\u00e9s aux quatre coins du monde. Les r\u00e9sultats de ce labeur seront mis \u00e0 jour en temps r\u00e9el au cours des prochains mois sur l\u2019interface de visualisation (composition des comit\u00e9s :\u00a0<a href=\"https:\/\/www.ludov.ca\/fr\/observation\/histoire-internationale-du-jeu-video--shac-\">Projet SHAC<\/a>)<\/p><p style=\"font-weight: 400;\"><b><strong>Utilisation du SHAC<\/strong><\/b>\u00a0: de mani\u00e8re g\u00e9n\u00e9rale, la\u00a0<b><strong>navigation<\/strong><\/b>s\u2019effectue dans une logique d\u2019\u00a0<b><strong>\u00e9lagage progressif<\/strong><\/b>\u00a0des r\u00e9sultats: chacune de vos s\u00e9lections (de genre, de r\u00e9gion, de concept, etc.) se combine afin de r\u00e9v\u00e9ler les aspects culturels qui vous int\u00e9ressent. Vous pouvez ainsi croiser vos int\u00e9r\u00eats afin d\u2019obtenir des r\u00e9sultats plus pr\u00e9cis. Des\u00a0<b><strong>instructions et d\u00e9finitions<\/strong><\/b>\u00a0sont int\u00e9gr\u00e9es au sein m\u00eame de l\u2019interface. Vous pouvez s\u00e9lectionner le\u00a0<b><strong>degr\u00e9 de complexit\u00e9<\/strong><\/b>\u00a0des options qui s\u2019offrent \u00e0 vous via le menu \u00e0 la droite de l\u2019interface.<\/p><p style=\"font-weight: 400;\">Le SHAC op\u00e8re \u00e0 partir d\u2019un ensemble conceptuel relativement limit\u00e9 qui n\u2019a pas la pr\u00e9tention de repr\u00e9senter toute la complexit\u00e9 de la culture vid\u00e9oludique. Il s\u2019agit d\u2019une s\u00e9lection \u00e9clair\u00e9e qui permet de faciliter la prise en main de l\u2019interface et l\u2019analyse des r\u00e9sultats.<\/p><p style=\"font-weight: 400;\">L\u2019ensemble de\u00a0<b><strong>l\u2019aspect conceptuel<\/strong><\/b>\u00a0a \u00e9t\u00e9 bonifi\u00e9 gr\u00e2ce \u00e0 la publication de nombreux articles. La r\u00e9troaction fournie par la communaut\u00e9 scientifique a permis de faire \u00e9voluer le syst\u00e8me au-del\u00e0 de ses ambitions et restrictions originales. Certains concepts et d\u00e9finitions ont \u00e9t\u00e9 ajust\u00e9s par rapport aux publications initiales. L\u2019\u00e9quipe du SHAC remercie chaudement tous les universitaires qui ont fourni critiques et suggestions pour am\u00e9liorer le syst\u00e8me.<\/p>\t\t\t\t\t\t\t\t<\/div>\n\t\t\t\t<\/div>\n\t\t\t\t<div class=\"elementor-element elementor-element-f2677c5 elementor-widget elementor-widget-image\" data-id=\"f2677c5\" data-element_type=\"widget\" data-e-type=\"widget\" data-widget_type=\"image.default\">\n\t\t\t\t<div class=\"elementor-widget-container\">\n\t\t\t\t\t\t\t\t\t\t\t\t\t\t\t<img fetchpriority=\"high\" decoding=\"async\" width=\"800\" height=\"433\" src=\"https:\/\/www.ludov.ca\/wp-content\/uploads\/2024\/05\/HACS_marketing_instructions_web-1024x554.jpg\" class=\"attachment-large size-large wp-image-1007\" alt=\"\" srcset=\"https:\/\/www.ludov.ca\/wp-content\/uploads\/2024\/05\/HACS_marketing_instructions_web-1024x554.jpg 1024w, https:\/\/www.ludov.ca\/wp-content\/uploads\/2024\/05\/HACS_marketing_instructions_web-300x162.jpg 300w, https:\/\/www.ludov.ca\/wp-content\/uploads\/2024\/05\/HACS_marketing_instructions_web-768x416.jpg 768w, https:\/\/www.ludov.ca\/wp-content\/uploads\/2024\/05\/HACS_marketing_instructions_web-1536x831.jpg 1536w, https:\/\/www.ludov.ca\/wp-content\/uploads\/2024\/05\/HACS_marketing_instructions_web.jpg 1560w\" sizes=\"(max-width: 800px) 100vw, 800px\" \/>\t\t\t\t\t\t\t\t\t\t\t\t\t\t\t<\/div>\n\t\t\t\t<\/div>\n\t\t\t\t<div class=\"elementor-element elementor-element-04e7081 elementor-widget elementor-widget-text-editor\" data-id=\"04e7081\" data-element_type=\"widget\" data-e-type=\"widget\" data-widget_type=\"text-editor.default\">\n\t\t\t\t<div class=\"elementor-widget-container\">\n\t\t\t\t\t\t\t\t\t<div align=\"center\"><p style=\"font-size: 40px;\"><a href=\"https:\/\/ludov.ca\/marketing\/web\/visualizations\" target=\"_blank\" rel=\"noopener\">Appuyez ici pour d\u00e9buter &gt;<\/a><\/p><\/div>\t\t\t\t\t\t\t\t<\/div>\n\t\t\t\t<\/div>\n\t\t\t\t<\/div>\n\t\t<div class=\"elementor-element elementor-element-90d7e92 e-flex e-con-boxed e-con e-parent\" data-id=\"90d7e92\" data-element_type=\"container\" data-e-type=\"container\">\n\t\t\t\t\t<div class=\"e-con-inner\">\n\t\t\t\t\t<\/div>\n\t\t\t\t<\/div>\n\t\t\t\t<\/div>\n\t\t","protected":false},"excerpt":{"rendered":"<p>Qu\u2019est-ce que la culture vid\u00e9oludique? Comment peut-on documenter son \u00e9volution depuis ses balbutiements au milieu du 20e si\u00e8cle? Le SHAC (Syst\u00e8me Historico-Analytique Comparatif) a \u00e9t\u00e9 d\u00e9velopp\u00e9 par des chercheur-ses de &#8230;<\/p>\n","protected":false},"author":1,"featured_media":0,"parent":482,"menu_order":0,"comment_status":"closed","ping_status":"closed","template":"template-left-sidebar.php","meta":{"_monsterinsights_skip_tracking":false,"_monsterinsights_sitenote_active":false,"_monsterinsights_sitenote_note":"","_monsterinsights_sitenote_category":0,"footnotes":""},"class_list":["post-420","page","type-page","status-publish","hentry"],"yoast_head":"<!-- This site is optimized with the Yoast SEO plugin v27.5 - https:\/\/yoast.com\/product\/yoast-seo-wordpress\/ -->\n<title>Visionneuse: marketing - LUDOV<\/title>\n<meta name=\"robots\" content=\"index, follow, max-snippet:-1, max-image-preview:large, max-video-preview:-1\" \/>\n<link rel=\"canonical\" href=\"https:\/\/www.ludov.ca\/fr\/documentation\/evolution-de-la-publicite\/\" \/>\n<meta property=\"og:locale\" content=\"fr_FR\" \/>\n<meta property=\"og:type\" content=\"article\" \/>\n<meta property=\"og:title\" content=\"Visionneuse: marketing - LUDOV\" \/>\n<meta property=\"og:description\" content=\"Qu\u2019est-ce que la culture vid\u00e9oludique? Comment peut-on documenter son \u00e9volution depuis ses balbutiements au milieu du 20e si\u00e8cle? Le SHAC (Syst\u00e8me Historico-Analytique Comparatif) a \u00e9t\u00e9 d\u00e9velopp\u00e9 par des chercheur-ses de ...\" \/>\n<meta property=\"og:url\" content=\"https:\/\/www.ludov.ca\/fr\/documentation\/evolution-de-la-publicite\/\" \/>\n<meta property=\"og:site_name\" content=\"LUDOV\" \/>\n<meta property=\"article:publisher\" content=\"https:\/\/www.facebook.com\/LUDOVUdeM\/\" \/>\n<meta property=\"article:modified_time\" content=\"2026-01-09T16:07:06+00:00\" \/>\n<meta property=\"og:image\" content=\"https:\/\/www.ludov.ca\/wp-content\/uploads\/2024\/05\/HACS_marketing_instructions_web.jpg\" \/>\n\t<meta property=\"og:image:width\" content=\"1560\" \/>\n\t<meta property=\"og:image:height\" content=\"844\" \/>\n\t<meta property=\"og:image:type\" content=\"image\/jpeg\" \/>\n<meta name=\"twitter:card\" content=\"summary_large_image\" \/>\n<meta name=\"twitter:label1\" content=\"Dur\u00e9e de lecture estim\u00e9e\" \/>\n\t<meta name=\"twitter:data1\" content=\"3 minutes\" \/>\n<script type=\"application\/ld+json\" class=\"yoast-schema-graph\">{\"@context\":\"https:\\\/\\\/schema.org\",\"@graph\":[{\"@type\":\"WebPage\",\"@id\":\"https:\\\/\\\/www.ludov.ca\\\/fr\\\/documentation\\\/evolution-de-la-publicite\\\/\",\"url\":\"https:\\\/\\\/www.ludov.ca\\\/fr\\\/documentation\\\/evolution-de-la-publicite\\\/\",\"name\":\"Visionneuse: marketing - LUDOV\",\"isPartOf\":{\"@id\":\"https:\\\/\\\/www.ludov.ca\\\/fr\\\/#website\"},\"primaryImageOfPage\":{\"@id\":\"https:\\\/\\\/www.ludov.ca\\\/fr\\\/documentation\\\/evolution-de-la-publicite\\\/#primaryimage\"},\"image\":{\"@id\":\"https:\\\/\\\/www.ludov.ca\\\/fr\\\/documentation\\\/evolution-de-la-publicite\\\/#primaryimage\"},\"thumbnailUrl\":\"https:\\\/\\\/www.ludov.ca\\\/wp-content\\\/uploads\\\/2024\\\/05\\\/HACS_marketing_instructions_web-1024x554.jpg\",\"datePublished\":\"2024-05-14T19:47:46+00:00\",\"dateModified\":\"2026-01-09T16:07:06+00:00\",\"breadcrumb\":{\"@id\":\"https:\\\/\\\/www.ludov.ca\\\/fr\\\/documentation\\\/evolution-de-la-publicite\\\/#breadcrumb\"},\"inLanguage\":\"fr-FR\",\"potentialAction\":[{\"@type\":\"ReadAction\",\"target\":[\"https:\\\/\\\/www.ludov.ca\\\/fr\\\/documentation\\\/evolution-de-la-publicite\\\/\"]}]},{\"@type\":\"ImageObject\",\"inLanguage\":\"fr-FR\",\"@id\":\"https:\\\/\\\/www.ludov.ca\\\/fr\\\/documentation\\\/evolution-de-la-publicite\\\/#primaryimage\",\"url\":\"https:\\\/\\\/www.ludov.ca\\\/wp-content\\\/uploads\\\/2024\\\/05\\\/HACS_marketing_instructions_web-1024x554.jpg\",\"contentUrl\":\"https:\\\/\\\/www.ludov.ca\\\/wp-content\\\/uploads\\\/2024\\\/05\\\/HACS_marketing_instructions_web-1024x554.jpg\"},{\"@type\":\"BreadcrumbList\",\"@id\":\"https:\\\/\\\/www.ludov.ca\\\/fr\\\/documentation\\\/evolution-de-la-publicite\\\/#breadcrumb\",\"itemListElement\":[{\"@type\":\"ListItem\",\"position\":1,\"name\":\"Accueil\",\"item\":\"https:\\\/\\\/www.ludov.ca\\\/fr\\\/\"},{\"@type\":\"ListItem\",\"position\":2,\"name\":\"Documentation\",\"item\":\"https:\\\/\\\/www.ludov.ca\\\/fr\\\/documentation\\\/\"},{\"@type\":\"ListItem\",\"position\":3,\"name\":\"Visionneuse: marketing\"}]},{\"@type\":\"WebSite\",\"@id\":\"https:\\\/\\\/www.ludov.ca\\\/fr\\\/#website\",\"url\":\"https:\\\/\\\/www.ludov.ca\\\/fr\\\/\",\"name\":\"LUDOV\",\"description\":\"\",\"publisher\":{\"@id\":\"https:\\\/\\\/www.ludov.ca\\\/fr\\\/#organization\"},\"alternateName\":\"Laboratoire universitaire de documentation et d'observation vid\u00e9oludiques\",\"potentialAction\":[{\"@type\":\"SearchAction\",\"target\":{\"@type\":\"EntryPoint\",\"urlTemplate\":\"https:\\\/\\\/www.ludov.ca\\\/fr\\\/?s={search_term_string}\"},\"query-input\":{\"@type\":\"PropertyValueSpecification\",\"valueRequired\":true,\"valueName\":\"search_term_string\"}}],\"inLanguage\":\"fr-FR\"},{\"@type\":\"Organization\",\"@id\":\"https:\\\/\\\/www.ludov.ca\\\/fr\\\/#organization\",\"name\":\"LUDOV\",\"url\":\"https:\\\/\\\/www.ludov.ca\\\/fr\\\/\",\"logo\":{\"@type\":\"ImageObject\",\"inLanguage\":\"fr-FR\",\"@id\":\"https:\\\/\\\/www.ludov.ca\\\/fr\\\/#\\\/schema\\\/logo\\\/image\\\/\",\"url\":\"https:\\\/\\\/www.ludov.ca\\\/wp-content\\\/uploads\\\/2023\\\/08\\\/LUDOV_web_logo_final.png\",\"contentUrl\":\"https:\\\/\\\/www.ludov.ca\\\/wp-content\\\/uploads\\\/2023\\\/08\\\/LUDOV_web_logo_final.png\",\"width\":1169,\"height\":1139,\"caption\":\"LUDOV\"},\"image\":{\"@id\":\"https:\\\/\\\/www.ludov.ca\\\/fr\\\/#\\\/schema\\\/logo\\\/image\\\/\"},\"sameAs\":[\"https:\\\/\\\/www.facebook.com\\\/LUDOVUdeM\\\/\",\"https:\\\/\\\/www.youtube.com\\\/@LUDOVUdeM\"]}]}<\/script>\n<!-- \/ Yoast SEO plugin. -->","yoast_head_json":{"title":"Visionneuse: marketing - LUDOV","robots":{"index":"index","follow":"follow","max-snippet":"max-snippet:-1","max-image-preview":"max-image-preview:large","max-video-preview":"max-video-preview:-1"},"canonical":"https:\/\/www.ludov.ca\/fr\/documentation\/evolution-de-la-publicite\/","og_locale":"fr_FR","og_type":"article","og_title":"Visionneuse: marketing - LUDOV","og_description":"Qu\u2019est-ce que la culture vid\u00e9oludique? Comment peut-on documenter son \u00e9volution depuis ses balbutiements au milieu du 20e si\u00e8cle? Le SHAC (Syst\u00e8me Historico-Analytique Comparatif) a \u00e9t\u00e9 d\u00e9velopp\u00e9 par des chercheur-ses de ...","og_url":"https:\/\/www.ludov.ca\/fr\/documentation\/evolution-de-la-publicite\/","og_site_name":"LUDOV","article_publisher":"https:\/\/www.facebook.com\/LUDOVUdeM\/","article_modified_time":"2026-01-09T16:07:06+00:00","og_image":[{"width":1560,"height":844,"url":"https:\/\/www.ludov.ca\/wp-content\/uploads\/2024\/05\/HACS_marketing_instructions_web.jpg","type":"image\/jpeg"}],"twitter_card":"summary_large_image","twitter_misc":{"Dur\u00e9e de lecture estim\u00e9e":"3 minutes"},"schema":{"@context":"https:\/\/schema.org","@graph":[{"@type":"WebPage","@id":"https:\/\/www.ludov.ca\/fr\/documentation\/evolution-de-la-publicite\/","url":"https:\/\/www.ludov.ca\/fr\/documentation\/evolution-de-la-publicite\/","name":"Visionneuse: marketing - LUDOV","isPartOf":{"@id":"https:\/\/www.ludov.ca\/fr\/#website"},"primaryImageOfPage":{"@id":"https:\/\/www.ludov.ca\/fr\/documentation\/evolution-de-la-publicite\/#primaryimage"},"image":{"@id":"https:\/\/www.ludov.ca\/fr\/documentation\/evolution-de-la-publicite\/#primaryimage"},"thumbnailUrl":"https:\/\/www.ludov.ca\/wp-content\/uploads\/2024\/05\/HACS_marketing_instructions_web-1024x554.jpg","datePublished":"2024-05-14T19:47:46+00:00","dateModified":"2026-01-09T16:07:06+00:00","breadcrumb":{"@id":"https:\/\/www.ludov.ca\/fr\/documentation\/evolution-de-la-publicite\/#breadcrumb"},"inLanguage":"fr-FR","potentialAction":[{"@type":"ReadAction","target":["https:\/\/www.ludov.ca\/fr\/documentation\/evolution-de-la-publicite\/"]}]},{"@type":"ImageObject","inLanguage":"fr-FR","@id":"https:\/\/www.ludov.ca\/fr\/documentation\/evolution-de-la-publicite\/#primaryimage","url":"https:\/\/www.ludov.ca\/wp-content\/uploads\/2024\/05\/HACS_marketing_instructions_web-1024x554.jpg","contentUrl":"https:\/\/www.ludov.ca\/wp-content\/uploads\/2024\/05\/HACS_marketing_instructions_web-1024x554.jpg"},{"@type":"BreadcrumbList","@id":"https:\/\/www.ludov.ca\/fr\/documentation\/evolution-de-la-publicite\/#breadcrumb","itemListElement":[{"@type":"ListItem","position":1,"name":"Accueil","item":"https:\/\/www.ludov.ca\/fr\/"},{"@type":"ListItem","position":2,"name":"Documentation","item":"https:\/\/www.ludov.ca\/fr\/documentation\/"},{"@type":"ListItem","position":3,"name":"Visionneuse: marketing"}]},{"@type":"WebSite","@id":"https:\/\/www.ludov.ca\/fr\/#website","url":"https:\/\/www.ludov.ca\/fr\/","name":"LUDOV","description":"","publisher":{"@id":"https:\/\/www.ludov.ca\/fr\/#organization"},"alternateName":"Laboratoire universitaire de documentation et d'observation vid\u00e9oludiques","potentialAction":[{"@type":"SearchAction","target":{"@type":"EntryPoint","urlTemplate":"https:\/\/www.ludov.ca\/fr\/?s={search_term_string}"},"query-input":{"@type":"PropertyValueSpecification","valueRequired":true,"valueName":"search_term_string"}}],"inLanguage":"fr-FR"},{"@type":"Organization","@id":"https:\/\/www.ludov.ca\/fr\/#organization","name":"LUDOV","url":"https:\/\/www.ludov.ca\/fr\/","logo":{"@type":"ImageObject","inLanguage":"fr-FR","@id":"https:\/\/www.ludov.ca\/fr\/#\/schema\/logo\/image\/","url":"https:\/\/www.ludov.ca\/wp-content\/uploads\/2023\/08\/LUDOV_web_logo_final.png","contentUrl":"https:\/\/www.ludov.ca\/wp-content\/uploads\/2023\/08\/LUDOV_web_logo_final.png","width":1169,"height":1139,"caption":"LUDOV"},"image":{"@id":"https:\/\/www.ludov.ca\/fr\/#\/schema\/logo\/image\/"},"sameAs":["https:\/\/www.facebook.com\/LUDOVUdeM\/","https:\/\/www.youtube.com\/@LUDOVUdeM"]}]}},"_links":{"self":[{"href":"https:\/\/www.ludov.ca\/fr\/wp-json\/wp\/v2\/pages\/420","targetHints":{"allow":["GET"]}}],"collection":[{"href":"https:\/\/www.ludov.ca\/fr\/wp-json\/wp\/v2\/pages"}],"about":[{"href":"https:\/\/www.ludov.ca\/fr\/wp-json\/wp\/v2\/types\/page"}],"author":[{"embeddable":true,"href":"https:\/\/www.ludov.ca\/fr\/wp-json\/wp\/v2\/users\/1"}],"replies":[{"embeddable":true,"href":"https:\/\/www.ludov.ca\/fr\/wp-json\/wp\/v2\/comments?post=420"}],"version-history":[{"count":3,"href":"https:\/\/www.ludov.ca\/fr\/wp-json\/wp\/v2\/pages\/420\/revisions"}],"predecessor-version":[{"id":4302,"href":"https:\/\/www.ludov.ca\/fr\/wp-json\/wp\/v2\/pages\/420\/revisions\/4302"}],"up":[{"embeddable":true,"href":"https:\/\/www.ludov.ca\/fr\/wp-json\/wp\/v2\/pages\/482"}],"wp:attachment":[{"href":"https:\/\/www.ludov.ca\/fr\/wp-json\/wp\/v2\/media?parent=420"}],"curies":[{"name":"wp","href":"https:\/\/api.w.org\/{rel}","templated":true}]}}