{"id":457,"date":"2024-05-14T21:18:45","date_gmt":"2024-05-14T21:18:45","guid":{"rendered":"https:\/\/www.ludov.ca\/?page_id=457"},"modified":"2025-08-27T14:08:50","modified_gmt":"2025-08-27T18:08:50","slug":"reservations","status":"publish","type":"page","link":"https:\/\/www.ludov.ca\/fr\/laboratoire\/reservations\/","title":{"rendered":"Faire une r\u00e9servation"},"content":{"rendered":"\t\t<div data-elementor-type=\"wp-page\" data-elementor-id=\"457\" class=\"elementor elementor-457\">\n\t\t\t\t<div class=\"elementor-element elementor-element-3b726f8 e-con-full e-flex e-con e-parent\" data-id=\"3b726f8\" data-element_type=\"container\" data-e-type=\"container\">\n\t\t\t\t<div class=\"elementor-element elementor-element-b728668 elementor-widget elementor-widget-text-editor\" data-id=\"b728668\" data-element_type=\"widget\" data-e-type=\"widget\" data-widget_type=\"text-editor.default\">\n\t\t\t\t<div class=\"elementor-widget-container\">\n\t\t\t\t\t\t\t\t\t<p>Pavillon Lionel-Groulx<br \/>3150, rue Jean-Brillant, local C-2080<br \/>Montr\u00e9al (Qu\u00e9bec)<br \/>Canada H3T 1N8<br \/>T\u00e9l\u00e9phone : 514 343-7793<\/p><div class=\"proto\"><a title=\"\" href=\"https:\/\/www.ludov.ca\/wp-content\/uploads\/2024\/06\/Code-de-conduite-Laboratoire_A_2023.pdf\" target=\"_blank\" rel=\"noopener\"><img decoding=\"async\" class=\"pdf\" src=\"https:\/\/www.ludov.ca\/wp-content\/uploads\/2024\/06\/iconePdf.png\" border=\"0\" \/><\/a><a title=\"\" href=\"https:\/\/www.ludov.ca\/wp-content\/uploads\/2025\/08\/Code-de-conduite-Laboratoire-A_2025.pdf\" target=\"\">T\u00e9l\u00e9charger le code de conduite du laboratoire<\/a><\/div><div class=\"proto\"><a title=\"\" href=\"https:\/\/www.ludov.ca\/documents\/Protocoles%20et%20code%20de%20conduite\/Protocole%20-%20Laboratoire%20A_2021.pdf\" target=\"_blank\" rel=\"noopener\"><img decoding=\"async\" class=\"pdf\" src=\"https:\/\/www.ludov.ca\/wp-content\/uploads\/2024\/06\/iconePdf.png\" border=\"0\" \/><\/a><a title=\"\" href=\"https:\/\/www.ludov.ca\/wp-content\/uploads\/2025\/08\/Protocole-Laboratoire-A_2025.pdf\" target=\"_blank\" rel=\"noopener\">T\u00e9l\u00e9charger le protocole des r\u00e9servations<\/a><\/div>\t\t\t\t\t\t\t\t<\/div>\n\t\t\t\t<\/div>\n\t\t\t\t<div class=\"elementor-element elementor-element-c3b1b47 elementor-widget elementor-widget-text-editor\" data-id=\"c3b1b47\" data-element_type=\"widget\" data-e-type=\"widget\" data-widget_type=\"text-editor.default\">\n\t\t\t\t<div class=\"elementor-widget-container\">\n\t\t\t\t\t\t\t\t\t<style type='text\/css'>.ewd-feup-field-label { }\n.feup-pure-control-group { }\n.ewd-feup-submit { }\n.ewd-feup-user-list-result a { }\n.ewd-feup-user-list-result { }\n.ewd-feup-user-profile-label { }\n.ewd-feup-user-profile-input' { }\n<\/style><\/style><div id='ewd-feup-login' class='ewd-feup-login-form-div' class='ewd-feup-form-div'><form action='#' method='post' id='ewd-feup-login-form' class='pure-form pure-form-aligned feup-pure-form-aligned'><input type='hidden' name='ewd-feup-check' value='06868a6c9825ccc0638146fb47999bb518d30af9'><input type='hidden' name='ewd-feup-time' value='1776224044'><input type='hidden' name='ewd-feup-action' value='login'><input type='hidden' name='ewd-feup-include-wordpress' value='No' \/><div class='feup-pure-control-group'><label for='Username' id='ewd-feup-login-username-div' class='ewd-feup-field-label ewd-feup-login-label'>Utilisateur: <\/label><input type='text' class='ewd-feup-text-input ewd-feup-login-field' name='Username' placeholder='Utilisateur...'><\/div><div class='feup-pure-control-group'><label for='Password' id='ewd-feup-login-password-div' class='ewd-feup-field-label ewd-feup-login-label'>Mot de passe: <\/label><input type='password' class='ewd-feup-text-input ewd-feup-login-field' name='User_Password'><\/div><div class='feup-pure-control-group'><label for='Submit'><\/label><input type='submit' class='ewd-feup-submit ewd-feup-login-submit feup-pure-button feup-pure-button-primary' name='Login_Submit' value='Connexion'><\/div><\/form><\/div>\n\t\t\t\t\t\t\t\t<\/div>\n\t\t\t\t<\/div>\n\t\t\t\t<\/div>\n\t\t\t\t<\/div>\n\t\t","protected":false},"excerpt":{"rendered":"<p>Pavillon Lionel-Groulx3150, rue Jean-Brillant, local C-2080Montr\u00e9al (Qu\u00e9bec)Canada H3T 1N8T\u00e9l\u00e9phone : 514 343-7793 T\u00e9l\u00e9charger le code de conduite du laboratoireT\u00e9l\u00e9charger le protocole des r\u00e9servations<\/p>\n","protected":false},"author":1,"featured_media":0,"parent":469,"menu_order":0,"comment_status":"closed","ping_status":"closed","template":"template-left-sidebar.php","meta":{"_monsterinsights_skip_tracking":false,"_monsterinsights_sitenote_active":false,"_monsterinsights_sitenote_note":"","_monsterinsights_sitenote_category":0,"footnotes":""},"class_list":["post-457","page","type-page","status-publish","hentry"],"yoast_head":"<!-- This site is optimized with the Yoast SEO plugin v27.3 - https:\/\/yoast.com\/product\/yoast-seo-wordpress\/ -->\n<title>Faire une r\u00e9servation - LUDOV<\/title>\n<meta name=\"robots\" content=\"index, follow, max-snippet:-1, max-image-preview:large, max-video-preview:-1\" \/>\n<link rel=\"canonical\" href=\"https:\/\/www.ludov.ca\/fr\/laboratoire\/reservations\/\" \/>\n<meta property=\"og:locale\" content=\"fr_FR\" \/>\n<meta property=\"og:type\" content=\"article\" \/>\n<meta property=\"og:title\" content=\"Faire une r\u00e9servation - LUDOV\" \/>\n<meta property=\"og:description\" content=\"Pavillon Lionel-Groulx3150, rue Jean-Brillant, local C-2080Montr\u00e9al (Qu\u00e9bec)Canada H3T 1N8T\u00e9l\u00e9phone : 514 343-7793 T\u00e9l\u00e9charger le code de conduite du laboratoireT\u00e9l\u00e9charger le protocole des r\u00e9servations\" \/>\n<meta property=\"og:url\" content=\"https:\/\/www.ludov.ca\/fr\/laboratoire\/reservations\/\" \/>\n<meta property=\"og:site_name\" content=\"LUDOV\" \/>\n<meta property=\"article:publisher\" content=\"https:\/\/www.facebook.com\/LUDOVUdeM\/\" \/>\n<meta property=\"article:modified_time\" content=\"2025-08-27T18:08:50+00:00\" \/>\n<meta property=\"og:image\" content=\"https:\/\/www.ludov.ca\/wp-content\/uploads\/2024\/06\/iconePdf.png\" \/>\n<meta name=\"twitter:card\" content=\"summary_large_image\" \/>\n<meta name=\"twitter:label1\" content=\"Dur\u00e9e de lecture estim\u00e9e\" \/>\n\t<meta name=\"twitter:data1\" content=\"1 minute\" \/>\n<script type=\"application\/ld+json\" class=\"yoast-schema-graph\">{\"@context\":\"https:\\\/\\\/schema.org\",\"@graph\":[{\"@type\":\"WebPage\",\"@id\":\"https:\\\/\\\/www.ludov.ca\\\/fr\\\/laboratoire\\\/reservations\\\/\",\"url\":\"https:\\\/\\\/www.ludov.ca\\\/fr\\\/laboratoire\\\/reservations\\\/\",\"name\":\"Faire une r\u00e9servation - LUDOV\",\"isPartOf\":{\"@id\":\"https:\\\/\\\/www.ludov.ca\\\/fr\\\/#website\"},\"primaryImageOfPage\":{\"@id\":\"https:\\\/\\\/www.ludov.ca\\\/fr\\\/laboratoire\\\/reservations\\\/#primaryimage\"},\"image\":{\"@id\":\"https:\\\/\\\/www.ludov.ca\\\/fr\\\/laboratoire\\\/reservations\\\/#primaryimage\"},\"thumbnailUrl\":\"https:\\\/\\\/www.ludov.ca\\\/wp-content\\\/uploads\\\/2024\\\/06\\\/iconePdf.png\",\"datePublished\":\"2024-05-14T21:18:45+00:00\",\"dateModified\":\"2025-08-27T18:08:50+00:00\",\"breadcrumb\":{\"@id\":\"https:\\\/\\\/www.ludov.ca\\\/fr\\\/laboratoire\\\/reservations\\\/#breadcrumb\"},\"inLanguage\":\"fr-FR\",\"potentialAction\":[{\"@type\":\"ReadAction\",\"target\":[\"https:\\\/\\\/www.ludov.ca\\\/fr\\\/laboratoire\\\/reservations\\\/\"]}]},{\"@type\":\"ImageObject\",\"inLanguage\":\"fr-FR\",\"@id\":\"https:\\\/\\\/www.ludov.ca\\\/fr\\\/laboratoire\\\/reservations\\\/#primaryimage\",\"url\":\"https:\\\/\\\/www.ludov.ca\\\/wp-content\\\/uploads\\\/2024\\\/06\\\/iconePdf.png\",\"contentUrl\":\"https:\\\/\\\/www.ludov.ca\\\/wp-content\\\/uploads\\\/2024\\\/06\\\/iconePdf.png\"},{\"@type\":\"BreadcrumbList\",\"@id\":\"https:\\\/\\\/www.ludov.ca\\\/fr\\\/laboratoire\\\/reservations\\\/#breadcrumb\",\"itemListElement\":[{\"@type\":\"ListItem\",\"position\":1,\"name\":\"Accueil\",\"item\":\"https:\\\/\\\/www.ludov.ca\\\/fr\\\/\"},{\"@type\":\"ListItem\",\"position\":2,\"name\":\"Laboratoire\",\"item\":\"https:\\\/\\\/www.ludov.ca\\\/fr\\\/laboratoire\\\/\"},{\"@type\":\"ListItem\",\"position\":3,\"name\":\"Faire une r\u00e9servation\"}]},{\"@type\":\"WebSite\",\"@id\":\"https:\\\/\\\/www.ludov.ca\\\/fr\\\/#website\",\"url\":\"https:\\\/\\\/www.ludov.ca\\\/fr\\\/\",\"name\":\"LUDOV\",\"description\":\"\",\"publisher\":{\"@id\":\"https:\\\/\\\/www.ludov.ca\\\/fr\\\/#organization\"},\"alternateName\":\"Laboratoire universitaire de documentation et d'observation vid\u00e9oludiques\",\"potentialAction\":[{\"@type\":\"SearchAction\",\"target\":{\"@type\":\"EntryPoint\",\"urlTemplate\":\"https:\\\/\\\/www.ludov.ca\\\/fr\\\/?s={search_term_string}\"},\"query-input\":{\"@type\":\"PropertyValueSpecification\",\"valueRequired\":true,\"valueName\":\"search_term_string\"}}],\"inLanguage\":\"fr-FR\"},{\"@type\":\"Organization\",\"@id\":\"https:\\\/\\\/www.ludov.ca\\\/fr\\\/#organization\",\"name\":\"LUDOV\",\"url\":\"https:\\\/\\\/www.ludov.ca\\\/fr\\\/\",\"logo\":{\"@type\":\"ImageObject\",\"inLanguage\":\"fr-FR\",\"@id\":\"https:\\\/\\\/www.ludov.ca\\\/fr\\\/#\\\/schema\\\/logo\\\/image\\\/\",\"url\":\"https:\\\/\\\/www.ludov.ca\\\/wp-content\\\/uploads\\\/2023\\\/08\\\/LUDOV_web_logo_final.png\",\"contentUrl\":\"https:\\\/\\\/www.ludov.ca\\\/wp-content\\\/uploads\\\/2023\\\/08\\\/LUDOV_web_logo_final.png\",\"width\":1169,\"height\":1139,\"caption\":\"LUDOV\"},\"image\":{\"@id\":\"https:\\\/\\\/www.ludov.ca\\\/fr\\\/#\\\/schema\\\/logo\\\/image\\\/\"},\"sameAs\":[\"https:\\\/\\\/www.facebook.com\\\/LUDOVUdeM\\\/\",\"https:\\\/\\\/www.youtube.com\\\/@LUDOVUdeM\"]}]}<\/script>\n<!-- \/ Yoast SEO plugin. -->","yoast_head_json":{"title":"Faire une r\u00e9servation - LUDOV","robots":{"index":"index","follow":"follow","max-snippet":"max-snippet:-1","max-image-preview":"max-image-preview:large","max-video-preview":"max-video-preview:-1"},"canonical":"https:\/\/www.ludov.ca\/fr\/laboratoire\/reservations\/","og_locale":"fr_FR","og_type":"article","og_title":"Faire une r\u00e9servation - LUDOV","og_description":"Pavillon Lionel-Groulx3150, rue Jean-Brillant, local C-2080Montr\u00e9al (Qu\u00e9bec)Canada H3T 1N8T\u00e9l\u00e9phone : 514 343-7793 T\u00e9l\u00e9charger le code de conduite du laboratoireT\u00e9l\u00e9charger le protocole des r\u00e9servations","og_url":"https:\/\/www.ludov.ca\/fr\/laboratoire\/reservations\/","og_site_name":"LUDOV","article_publisher":"https:\/\/www.facebook.com\/LUDOVUdeM\/","article_modified_time":"2025-08-27T18:08:50+00:00","og_image":[{"url":"https:\/\/www.ludov.ca\/wp-content\/uploads\/2024\/06\/iconePdf.png","type":"","width":"","height":""}],"twitter_card":"summary_large_image","twitter_misc":{"Dur\u00e9e de lecture estim\u00e9e":"1 minute"},"schema":{"@context":"https:\/\/schema.org","@graph":[{"@type":"WebPage","@id":"https:\/\/www.ludov.ca\/fr\/laboratoire\/reservations\/","url":"https:\/\/www.ludov.ca\/fr\/laboratoire\/reservations\/","name":"Faire une r\u00e9servation - LUDOV","isPartOf":{"@id":"https:\/\/www.ludov.ca\/fr\/#website"},"primaryImageOfPage":{"@id":"https:\/\/www.ludov.ca\/fr\/laboratoire\/reservations\/#primaryimage"},"image":{"@id":"https:\/\/www.ludov.ca\/fr\/laboratoire\/reservations\/#primaryimage"},"thumbnailUrl":"https:\/\/www.ludov.ca\/wp-content\/uploads\/2024\/06\/iconePdf.png","datePublished":"2024-05-14T21:18:45+00:00","dateModified":"2025-08-27T18:08:50+00:00","breadcrumb":{"@id":"https:\/\/www.ludov.ca\/fr\/laboratoire\/reservations\/#breadcrumb"},"inLanguage":"fr-FR","potentialAction":[{"@type":"ReadAction","target":["https:\/\/www.ludov.ca\/fr\/laboratoire\/reservations\/"]}]},{"@type":"ImageObject","inLanguage":"fr-FR","@id":"https:\/\/www.ludov.ca\/fr\/laboratoire\/reservations\/#primaryimage","url":"https:\/\/www.ludov.ca\/wp-content\/uploads\/2024\/06\/iconePdf.png","contentUrl":"https:\/\/www.ludov.ca\/wp-content\/uploads\/2024\/06\/iconePdf.png"},{"@type":"BreadcrumbList","@id":"https:\/\/www.ludov.ca\/fr\/laboratoire\/reservations\/#breadcrumb","itemListElement":[{"@type":"ListItem","position":1,"name":"Accueil","item":"https:\/\/www.ludov.ca\/fr\/"},{"@type":"ListItem","position":2,"name":"Laboratoire","item":"https:\/\/www.ludov.ca\/fr\/laboratoire\/"},{"@type":"ListItem","position":3,"name":"Faire une r\u00e9servation"}]},{"@type":"WebSite","@id":"https:\/\/www.ludov.ca\/fr\/#website","url":"https:\/\/www.ludov.ca\/fr\/","name":"LUDOV","description":"","publisher":{"@id":"https:\/\/www.ludov.ca\/fr\/#organization"},"alternateName":"Laboratoire universitaire de documentation et d'observation vid\u00e9oludiques","potentialAction":[{"@type":"SearchAction","target":{"@type":"EntryPoint","urlTemplate":"https:\/\/www.ludov.ca\/fr\/?s={search_term_string}"},"query-input":{"@type":"PropertyValueSpecification","valueRequired":true,"valueName":"search_term_string"}}],"inLanguage":"fr-FR"},{"@type":"Organization","@id":"https:\/\/www.ludov.ca\/fr\/#organization","name":"LUDOV","url":"https:\/\/www.ludov.ca\/fr\/","logo":{"@type":"ImageObject","inLanguage":"fr-FR","@id":"https:\/\/www.ludov.ca\/fr\/#\/schema\/logo\/image\/","url":"https:\/\/www.ludov.ca\/wp-content\/uploads\/2023\/08\/LUDOV_web_logo_final.png","contentUrl":"https:\/\/www.ludov.ca\/wp-content\/uploads\/2023\/08\/LUDOV_web_logo_final.png","width":1169,"height":1139,"caption":"LUDOV"},"image":{"@id":"https:\/\/www.ludov.ca\/fr\/#\/schema\/logo\/image\/"},"sameAs":["https:\/\/www.facebook.com\/LUDOVUdeM\/","https:\/\/www.youtube.com\/@LUDOVUdeM"]}]}},"_links":{"self":[{"href":"https:\/\/www.ludov.ca\/fr\/wp-json\/wp\/v2\/pages\/457","targetHints":{"allow":["GET"]}}],"collection":[{"href":"https:\/\/www.ludov.ca\/fr\/wp-json\/wp\/v2\/pages"}],"about":[{"href":"https:\/\/www.ludov.ca\/fr\/wp-json\/wp\/v2\/types\/page"}],"author":[{"embeddable":true,"href":"https:\/\/www.ludov.ca\/fr\/wp-json\/wp\/v2\/users\/1"}],"replies":[{"embeddable":true,"href":"https:\/\/www.ludov.ca\/fr\/wp-json\/wp\/v2\/comments?post=457"}],"version-history":[{"count":5,"href":"https:\/\/www.ludov.ca\/fr\/wp-json\/wp\/v2\/pages\/457\/revisions"}],"predecessor-version":[{"id":5821,"href":"https:\/\/www.ludov.ca\/fr\/wp-json\/wp\/v2\/pages\/457\/revisions\/5821"}],"up":[{"embeddable":true,"href":"https:\/\/www.ludov.ca\/fr\/wp-json\/wp\/v2\/pages\/469"}],"wp:attachment":[{"href":"https:\/\/www.ludov.ca\/fr\/wp-json\/wp\/v2\/media?parent=457"}],"curies":[{"name":"wp","href":"https:\/\/api.w.org\/{rel}","templated":true}]}}