{"id":591,"date":"2024-05-21T17:31:01","date_gmt":"2024-05-21T17:31:01","guid":{"rendered":"https:\/\/www.ludov.ca\/?page_id=591"},"modified":"2025-05-12T14:02:40","modified_gmt":"2025-05-12T18:02:40","slug":"laboratoire-universitaire-de-documentation-et-dobservation-videoludiques-ii","status":"publish","type":"page","link":"https:\/\/www.ludov.ca\/","title":{"rendered":"Laboratoire universitaire de documentation et d&rsquo;observation vid\u00e9oludiques"},"content":{"rendered":"<div class=\"udm_splash_logo_content\" align=\"center\">\n<p><a href=\"https:\/\/histart.umontreal.ca\/accueil\/\" target=\"_blank\" rel=\"noopener\"><img decoding=\"async\" class=\"udm_splash_logo\" src=\"https:\/\/www.ludov.ca\/assets\/img\/logo_UDM.gif\" border=\"0\" \/><\/a><\/p>\n<div class=\"container splashcontent\" style=\"max-width: 1000px;\">\n<div class=\"lefttitle\"><span class=\"play_arrow_l\">\u25b6<\/span><a class=\"linkfr\" title=\"Laboratoire universitaire de documentation et d'observation vid\u00e9oludiques\" href=\"\/fr\">Laboratoire universitaire de documentation et d&rsquo;observation vid\u00e9oludiques<\/a><\/div>\n<p><a title=\"LUDOV.CA\" href=\"https:\/\/www.ludov.ca\/fr\/\"><img decoding=\"async\" class=\"splash_logo\" src=\"https:\/\/www.ludov.ca\/wp-content\/uploads\/2024\/05\/LUDOV_web_splash_logo.jpg\" alt=\"LUDOV\" border=\"0\" \/><\/a><\/p>\n<div class=\"righttitle\"><a class=\"linken\" title=\"Video games observation and documentation university Lab\" href=\"\/en\">video games observation and documentation university Lab<\/a><span class=\"play_arrow_r\">\u25c0<\/span><\/div>\n<\/div>\n<p>&nbsp;<\/p>\n<div class=\"container udm_splash_txt\" style=\"max-width: 1000px;\">\n<p style=\"text-align: center;\">LUDOV r\u00e9unit sous une m\u00eame constellation diff\u00e9rentes initiatives consacr\u00e9es \u00e0 l\u2019\u00e9tude du jeu vid\u00e9o au d\u00e9partement d\u2019histoire de l\u2019art, de cin\u00e9ma et des m\u00e9dias audiovisuels de l\u2019Universit\u00e9 de Montr\u00e9al.<\/p>\n<\/div>\n<\/div>\n","protected":false},"excerpt":{"rendered":"<p>\u25b6Laboratoire universitaire de documentation et d&rsquo;observation vid\u00e9oludiques video games observation and documentation university Lab\u25c0 &nbsp; LUDOV r\u00e9unit sous une m\u00eame constellation diff\u00e9rentes initiatives consacr\u00e9es \u00e0 l\u2019\u00e9tude du jeu vid\u00e9o au &#8230;<\/p>\n","protected":false},"author":1,"featured_media":0,"parent":0,"menu_order":0,"comment_status":"closed","ping_status":"closed","template":"template-fullwidth.php","meta":{"_monsterinsights_skip_tracking":false,"_monsterinsights_sitenote_active":false,"_monsterinsights_sitenote_note":"","_monsterinsights_sitenote_category":0,"footnotes":""},"class_list":["post-591","page","type-page","status-publish","hentry"],"yoast_head":"<!-- This site is optimized with the Yoast SEO plugin v27.2 - https:\/\/yoast.com\/product\/yoast-seo-wordpress\/ -->\n<title>Laboratoire universitaire de documentation et d&#039;observation vid\u00e9oludiques - LUDOV<\/title>\n<meta name=\"robots\" content=\"index, follow, max-snippet:-1, max-image-preview:large, max-video-preview:-1\" \/>\n<link rel=\"canonical\" href=\"https:\/\/www.ludov.ca\/\" \/>\n<meta property=\"og:locale\" content=\"fr_FR\" \/>\n<meta property=\"og:type\" content=\"article\" \/>\n<meta property=\"og:title\" content=\"Laboratoire universitaire de documentation et d&#039;observation vid\u00e9oludiques - LUDOV\" \/>\n<meta property=\"og:description\" content=\"\u25b6Laboratoire universitaire de documentation et d&rsquo;observation vid\u00e9oludiques video games observation and documentation university Lab\u25c0 &nbsp; LUDOV r\u00e9unit sous une m\u00eame constellation diff\u00e9rentes initiatives consacr\u00e9es \u00e0 l\u2019\u00e9tude du jeu vid\u00e9o au ...\" \/>\n<meta property=\"og:url\" content=\"https:\/\/www.ludov.ca\/\" \/>\n<meta property=\"og:site_name\" content=\"LUDOV\" \/>\n<meta property=\"article:publisher\" content=\"https:\/\/www.facebook.com\/LUDOVUdeM\/\" \/>\n<meta property=\"article:modified_time\" content=\"2025-05-12T18:02:40+00:00\" \/>\n<meta property=\"og:image\" content=\"https:\/\/www.ludov.ca\/assets\/img\/logo_UDM.gif\" \/>\n<meta name=\"twitter:card\" content=\"summary_large_image\" \/>\n<meta name=\"twitter:label1\" content=\"Dur\u00e9e de lecture estim\u00e9e\" \/>\n\t<meta name=\"twitter:data1\" content=\"1 minute\" \/>\n<script type=\"application\/ld+json\" class=\"yoast-schema-graph\">{\"@context\":\"https:\/\/schema.org\",\"@graph\":[{\"@type\":\"WebPage\",\"@id\":\"https:\/\/www.ludov.ca\/\",\"url\":\"https:\/\/www.ludov.ca\/\",\"name\":\"Laboratoire universitaire de documentation et d'observation vid\u00e9oludiques - LUDOV\",\"isPartOf\":{\"@id\":\"https:\/\/www.ludov.ca\/fr\/#website\"},\"primaryImageOfPage\":{\"@id\":\"https:\/\/www.ludov.ca\/#primaryimage\"},\"image\":{\"@id\":\"https:\/\/www.ludov.ca\/#primaryimage\"},\"thumbnailUrl\":\"https:\/\/www.ludov.ca\/assets\/img\/logo_UDM.gif\",\"datePublished\":\"2024-05-21T17:31:01+00:00\",\"dateModified\":\"2025-05-12T18:02:40+00:00\",\"breadcrumb\":{\"@id\":\"https:\/\/www.ludov.ca\/#breadcrumb\"},\"inLanguage\":\"fr-FR\",\"potentialAction\":[{\"@type\":\"ReadAction\",\"target\":[\"https:\/\/www.ludov.ca\/\"]}]},{\"@type\":\"ImageObject\",\"inLanguage\":\"fr-FR\",\"@id\":\"https:\/\/www.ludov.ca\/#primaryimage\",\"url\":\"https:\/\/www.ludov.ca\/assets\/img\/logo_UDM.gif\",\"contentUrl\":\"https:\/\/www.ludov.ca\/assets\/img\/logo_UDM.gif\"},{\"@type\":\"BreadcrumbList\",\"@id\":\"https:\/\/www.ludov.ca\/#breadcrumb\",\"itemListElement\":[{\"@type\":\"ListItem\",\"position\":1,\"name\":\"Accueil\",\"item\":\"https:\/\/www.ludov.ca\/fr\/\"},{\"@type\":\"ListItem\",\"position\":2,\"name\":\"Laboratoire universitaire de documentation et d&rsquo;observation vid\u00e9oludiques\"}]},{\"@type\":\"WebSite\",\"@id\":\"https:\/\/www.ludov.ca\/fr\/#website\",\"url\":\"https:\/\/www.ludov.ca\/fr\/\",\"name\":\"LUDOV\",\"description\":\"\",\"publisher\":{\"@id\":\"https:\/\/www.ludov.ca\/fr\/#organization\"},\"alternateName\":\"Laboratoire universitaire de documentation et d'observation vid\u00e9oludiques\",\"potentialAction\":[{\"@type\":\"SearchAction\",\"target\":{\"@type\":\"EntryPoint\",\"urlTemplate\":\"https:\/\/www.ludov.ca\/fr\/?s={search_term_string}\"},\"query-input\":{\"@type\":\"PropertyValueSpecification\",\"valueRequired\":true,\"valueName\":\"search_term_string\"}}],\"inLanguage\":\"fr-FR\"},{\"@type\":\"Organization\",\"@id\":\"https:\/\/www.ludov.ca\/fr\/#organization\",\"name\":\"LUDOV\",\"url\":\"https:\/\/www.ludov.ca\/fr\/\",\"logo\":{\"@type\":\"ImageObject\",\"inLanguage\":\"fr-FR\",\"@id\":\"https:\/\/www.ludov.ca\/fr\/#\/schema\/logo\/image\/\",\"url\":\"https:\/\/www.ludov.ca\/wp-content\/uploads\/2023\/08\/LUDOV_web_logo_final.png\",\"contentUrl\":\"https:\/\/www.ludov.ca\/wp-content\/uploads\/2023\/08\/LUDOV_web_logo_final.png\",\"width\":1169,\"height\":1139,\"caption\":\"LUDOV\"},\"image\":{\"@id\":\"https:\/\/www.ludov.ca\/fr\/#\/schema\/logo\/image\/\"},\"sameAs\":[\"https:\/\/www.facebook.com\/LUDOVUdeM\/\",\"https:\/\/www.youtube.com\/@LUDOVUdeM\"]}]}<\/script>\n<!-- \/ Yoast SEO plugin. -->","yoast_head_json":{"title":"Laboratoire universitaire de documentation et d'observation vid\u00e9oludiques - LUDOV","robots":{"index":"index","follow":"follow","max-snippet":"max-snippet:-1","max-image-preview":"max-image-preview:large","max-video-preview":"max-video-preview:-1"},"canonical":"https:\/\/www.ludov.ca\/","og_locale":"fr_FR","og_type":"article","og_title":"Laboratoire universitaire de documentation et d'observation vid\u00e9oludiques - LUDOV","og_description":"\u25b6Laboratoire universitaire de documentation et d&rsquo;observation vid\u00e9oludiques video games observation and documentation university Lab\u25c0 &nbsp; LUDOV r\u00e9unit sous une m\u00eame constellation diff\u00e9rentes initiatives consacr\u00e9es \u00e0 l\u2019\u00e9tude du jeu vid\u00e9o au ...","og_url":"https:\/\/www.ludov.ca\/","og_site_name":"LUDOV","article_publisher":"https:\/\/www.facebook.com\/LUDOVUdeM\/","article_modified_time":"2025-05-12T18:02:40+00:00","og_image":[{"url":"https:\/\/www.ludov.ca\/assets\/img\/logo_UDM.gif","type":"","width":"","height":""}],"twitter_card":"summary_large_image","twitter_misc":{"Dur\u00e9e de lecture estim\u00e9e":"1 minute"},"schema":{"@context":"https:\/\/schema.org","@graph":[{"@type":"WebPage","@id":"https:\/\/www.ludov.ca\/","url":"https:\/\/www.ludov.ca\/","name":"Laboratoire universitaire de documentation et d'observation vid\u00e9oludiques - LUDOV","isPartOf":{"@id":"https:\/\/www.ludov.ca\/fr\/#website"},"primaryImageOfPage":{"@id":"https:\/\/www.ludov.ca\/#primaryimage"},"image":{"@id":"https:\/\/www.ludov.ca\/#primaryimage"},"thumbnailUrl":"https:\/\/www.ludov.ca\/assets\/img\/logo_UDM.gif","datePublished":"2024-05-21T17:31:01+00:00","dateModified":"2025-05-12T18:02:40+00:00","breadcrumb":{"@id":"https:\/\/www.ludov.ca\/#breadcrumb"},"inLanguage":"fr-FR","potentialAction":[{"@type":"ReadAction","target":["https:\/\/www.ludov.ca\/"]}]},{"@type":"ImageObject","inLanguage":"fr-FR","@id":"https:\/\/www.ludov.ca\/#primaryimage","url":"https:\/\/www.ludov.ca\/assets\/img\/logo_UDM.gif","contentUrl":"https:\/\/www.ludov.ca\/assets\/img\/logo_UDM.gif"},{"@type":"BreadcrumbList","@id":"https:\/\/www.ludov.ca\/#breadcrumb","itemListElement":[{"@type":"ListItem","position":1,"name":"Accueil","item":"https:\/\/www.ludov.ca\/fr\/"},{"@type":"ListItem","position":2,"name":"Laboratoire universitaire de documentation et d&rsquo;observation vid\u00e9oludiques"}]},{"@type":"WebSite","@id":"https:\/\/www.ludov.ca\/fr\/#website","url":"https:\/\/www.ludov.ca\/fr\/","name":"LUDOV","description":"","publisher":{"@id":"https:\/\/www.ludov.ca\/fr\/#organization"},"alternateName":"Laboratoire universitaire de documentation et d'observation vid\u00e9oludiques","potentialAction":[{"@type":"SearchAction","target":{"@type":"EntryPoint","urlTemplate":"https:\/\/www.ludov.ca\/fr\/?s={search_term_string}"},"query-input":{"@type":"PropertyValueSpecification","valueRequired":true,"valueName":"search_term_string"}}],"inLanguage":"fr-FR"},{"@type":"Organization","@id":"https:\/\/www.ludov.ca\/fr\/#organization","name":"LUDOV","url":"https:\/\/www.ludov.ca\/fr\/","logo":{"@type":"ImageObject","inLanguage":"fr-FR","@id":"https:\/\/www.ludov.ca\/fr\/#\/schema\/logo\/image\/","url":"https:\/\/www.ludov.ca\/wp-content\/uploads\/2023\/08\/LUDOV_web_logo_final.png","contentUrl":"https:\/\/www.ludov.ca\/wp-content\/uploads\/2023\/08\/LUDOV_web_logo_final.png","width":1169,"height":1139,"caption":"LUDOV"},"image":{"@id":"https:\/\/www.ludov.ca\/fr\/#\/schema\/logo\/image\/"},"sameAs":["https:\/\/www.facebook.com\/LUDOVUdeM\/","https:\/\/www.youtube.com\/@LUDOVUdeM"]}]}},"_links":{"self":[{"href":"https:\/\/www.ludov.ca\/fr\/wp-json\/wp\/v2\/pages\/591","targetHints":{"allow":["GET"]}}],"collection":[{"href":"https:\/\/www.ludov.ca\/fr\/wp-json\/wp\/v2\/pages"}],"about":[{"href":"https:\/\/www.ludov.ca\/fr\/wp-json\/wp\/v2\/types\/page"}],"author":[{"embeddable":true,"href":"https:\/\/www.ludov.ca\/fr\/wp-json\/wp\/v2\/users\/1"}],"replies":[{"embeddable":true,"href":"https:\/\/www.ludov.ca\/fr\/wp-json\/wp\/v2\/comments?post=591"}],"version-history":[{"count":0,"href":"https:\/\/www.ludov.ca\/fr\/wp-json\/wp\/v2\/pages\/591\/revisions"}],"wp:attachment":[{"href":"https:\/\/www.ludov.ca\/fr\/wp-json\/wp\/v2\/media?parent=591"}],"curies":[{"name":"wp","href":"https:\/\/api.w.org\/{rel}","templated":true}]}}