{"id":9,"date":"2023-07-17T20:03:58","date_gmt":"2023-07-17T20:03:58","guid":{"rendered":"https:\/\/www.ludov.ca\/?page_id=9"},"modified":"2026-01-06T14:13:48","modified_gmt":"2026-01-06T19:13:48","slug":"programme-detude","status":"publish","type":"page","link":"https:\/\/www.ludov.ca\/fr\/universitaire\/programme-detude\/","title":{"rendered":"Nos programmes d&rsquo;\u00e9tudes"},"content":{"rendered":"\t\t<div data-elementor-type=\"wp-page\" data-elementor-id=\"9\" class=\"elementor elementor-9\">\n\t\t\t\t<div class=\"elementor-element elementor-element-7567f197 e-con-full mobnopad e-flex e-con e-parent\" data-id=\"7567f197\" data-element_type=\"container\" data-e-type=\"container\">\n\t\t\t\t<div class=\"elementor-element elementor-element-21ee851c elementor-widget elementor-widget-text-editor\" data-id=\"21ee851c\" data-element_type=\"widget\" data-e-type=\"widget\" data-widget_type=\"text-editor.default\">\n\t\t\t\t<div class=\"elementor-widget-container\">\n\t\t\t\t\t\t\t\t\t<div class=\"ludique\"><div id=\"129\" class=\"post-129 page type-page status-publish hentry clearfix eleven columns omega top-spacing\"><div class=\"page-content clearfix\"><div class=\"row-fluid\"><div class=\"wpb_content_element span12 wpb_text_column\"><div class=\"wpb_wrapper clearfix\"><h3><a title=\"\" href=\"https:\/\/design.umontreal.ca\/programmes-et-cours\/dess-en-design-de-jeux\/#cheminement-et-structure\" target=\"\" rel=\"noopener\">Majeure en jeu vid\u00e9o<\/a><\/h3><p>(D\u00e9)Codez le jeu vid\u00e9o &#8211; (Re)Jouez son histoire &#8211; (Re)Pensez sa cr\u00e9ation<\/p><p>Vous vous sentez l\u2019\u00e2me d\u2019une cr\u00e9atrice ou d&rsquo;un cr\u00e9ateur capable de porter plusieurs chapeaux et dot\u00e9\u00b7e d\u2019un flair artistique? Vous voulez acqu\u00e9rir des comp\u00e9tences et des connaissances afin d\u2019\u00e9voluer dans le milieu du jeu vid\u00e9o ind\u00e9pendant? Vous souhaitez \u00e9tudier dans un environnement collaboratif o\u00f9 vous pourrez cr\u00e9er des liens avec d\u2019autres passionn\u00e9\u00b7es de jeu vid\u00e9o? La Majeure en jeu vid\u00e9o vous offre ces possibilit\u00e9s!<\/p><p>Au c\u0153ur de ce programme : une formation interdisciplinaire qui ouvrira toutes les voies professionnelles dans le domaine, soit :<\/p><ul><li>L\u2019art<\/li><li>Le design<\/li><li>La programmation<\/li><li>L\u2019audio<\/li><li>La production<\/li><\/ul><p>Le programme aborde les multiples facettes du jeu vid\u00e9o, dont :<\/p><ul><li>Son histoire<\/li><li>Les processus de cr\u00e9ation<\/li><li>L\u2019expression graphique<\/li><li>La programmation<\/li><li>La sc\u00e9narisation<\/li><li>La cr\u00e9ation sonore<\/li><\/ul><p>La Majeure en jeu vid\u00e9o constitue un atout pour les \u00e9tudiant\u00b7es souhaitant d\u00e9couvrir les aspects technique et th\u00e9orique de la discipline. Ce programme peut notamment donner acc\u00e8s \u00e0 la Ma\u00eetrise en \u00e9tudes cin\u00e9matographiques, au <a title=\"\" href=\"https:\/\/fas.umontreal.ca\/act\/\" target=\"\" rel=\"noopener\">D.E.S.S. en arts, cr\u00e9ation et technologies<\/a> ou au <a title=\"\" href=\"https:\/\/design.umontreal.ca\/programmes-et-cours\/dess-en-design-de-jeux\/\" target=\"\" rel=\"noopener\">D.E.S.S. en design de jeux vid\u00e9o<\/a>.<\/p><hr \/><\/div><\/div><\/div><\/div><\/div><\/div>\t\t\t\t\t\t\t\t<\/div>\n\t\t\t\t<\/div>\n\t\t\t\t<div class=\"elementor-element elementor-element-4a60971 elementor-widget elementor-widget-text-editor\" data-id=\"4a60971\" data-element_type=\"widget\" data-e-type=\"widget\" data-widget_type=\"text-editor.default\">\n\t\t\t\t<div class=\"elementor-widget-container\">\n\t\t\t\t\t\t\t\t\t<div class=\"ludique\">\n<div id=\"129\" class=\"post-129 page type-page status-publish hentry clearfix eleven columns omega top-spacing\">\n<div class=\"page-content clearfix\">\n<div class=\"row-fluid\">\n<div class=\"wpb_content_element span12 wpb_text_column\">\n<div class=\"wpb_wrapper clearfix\">\n<h3><a title=\"\" href=\"https:\/\/histart.umontreal.ca\/programmes-cours\/etudes-cinematographiques\/mineure-etudes-jeu-video\/\" target=\"\" rel=\"noopener\">Mineure en \u00e9tudes du jeu vid\u00e9o<\/a><\/h3>\nVous avez la passion du jeu vid\u00e9o, pour y jouer ou pour les cr\u00e9er? Vous aimeriez perfectionner vos connaissances dans le domaine? Profitez alors d\u2019une formation de base sur l&rsquo;esth\u00e9tique, l&rsquo;histoire et la th\u00e9orie de cette nouvelle forme d\u2019art.\n\nCe programme propose une formation de base sur l&rsquo;histoire, la th\u00e9orie et la critique du jeu vid\u00e9o ainsi qu&rsquo;une introduction aux diverses approches qui l&rsquo;unissent et le distinguent des autres domaines artistiques, plus particuli\u00e8rement du cin\u00e9ma. Combin\u00e9e avec une majeure dans une autre discipline (comme le cin\u00e9ma, les communications, l&rsquo;histoire de l&rsquo;art, l&rsquo;anthropologie, les \u00e9tudes litt\u00e9raires), la Mineure peut donner acc\u00e8s notamment \u00e0 la Ma\u00eetrise en \u00e9tudes cin\u00e9matographiques, au <a href=\"https:\/\/www.fas.umontreal.ca\/act\/\">D.E.S.S. en arts, cr\u00e9ation et technologies<\/a> ou au <a title=\"\" href=\"https:\/\/design.umontreal.ca\/programmes-et-cours\/dess-en-design-de-jeux\/\" target=\"\" rel=\"noopener\">D.E.S.S. en design de jeux vid\u00e9o<\/a>.\n\n<hr \/>\n\n<\/div>\n<\/div>\n<\/div>\n<\/div>\n<\/div>\n<\/div>\t\t\t\t\t\t\t\t<\/div>\n\t\t\t\t<\/div>\n\t\t\t\t<div class=\"elementor-element elementor-element-ee5b37a elementor-widget elementor-widget-text-editor\" data-id=\"ee5b37a\" data-element_type=\"widget\" data-e-type=\"widget\" data-widget_type=\"text-editor.default\">\n\t\t\t\t<div class=\"elementor-widget-container\">\n\t\t\t\t\t\t\t\t\t<p><\/p><div class=\"ludique\"><div id=\"129\" class=\"post-129 page type-page status-publish hentry clearfix eleven columns omega top-spacing\"><div class=\"page-content clearfix\"><div class=\"row-fluid\"><div class=\"wpb_content_element span12 wpb_text_column\"><div class=\"wpb_wrapper clearfix\"><h3><a title=\"\" href=\"https:\/\/histart.umontreal.ca\/programmes-cours\/etudes-cinematographiques\/maitrise-etudes-cinematographiques\/#c94352\" target=\"_blank\" rel=\"noopener\">Ma\u00eetrise en \u00e9tudes du jeu vid\u00e9o<\/a><\/h3><p>Depuis le tournant du 21\u00e8me si\u00e8cle, les \u00e9tudes vid\u00e9oludiques sont devenues une v\u00e9ritable discipline scientifique. Il s\u2019agit maintenant d\u2019un domaine de recherche avec un ensemble de th\u00e9ories sp\u00e9cifiques, un premier d\u00e9bat fondateur entre les ludologues et les narratologues et un r\u00e9seau international de savants et d\u2019institutions vou\u00e9 \u00e0 l\u2019\u00e9tude de ce nouvel objet. L\u2019option en \u00e9tudes du jeu vid\u00e9o de la Ma\u00eetrise en cin\u00e9ma (avec m\u00e9moire) \u00e0 l\u2019UdeM vous permet d&rsquo;approfondir vos connaissances, favorisant ainsi le d\u00e9veloppement de la recherche, de la critique, de l&rsquo;analyse et de la th\u00e9orie dans ce nouveau champ.<\/p><p>Le d\u00e9veloppement extraordinaire du jeu vid\u00e9o entra\u00eene des besoins nouveaux. En plus de main-d\u2019oeuvre qualifi\u00e9e, le monde du jeu a maintenant besoin de commentaires comp\u00e9tents dans les m\u00e9dias, de conservation et de diffusion professionnelle dans les institutions, et de sp\u00e9cialistes dans le milieu de l\u2019\u00e9ducation secondaire, coll\u00e9giale et universitaire.<\/p><hr \/><p>\u00a0<\/p><\/div><\/div><\/div><\/div><\/div><\/div><p><\/p>\t\t\t\t\t\t\t\t<\/div>\n\t\t\t\t<\/div>\n\t\t\t\t<div class=\"elementor-element elementor-element-0ec2faf elementor-widget elementor-widget-text-editor\" data-id=\"0ec2faf\" data-element_type=\"widget\" data-e-type=\"widget\" data-widget_type=\"text-editor.default\">\n\t\t\t\t<div class=\"elementor-widget-container\">\n\t\t\t\t\t\t\t\t\t<div class=\"ludique\"><div id=\"129\" class=\"post-129 page type-page status-publish hentry clearfix eleven columns omega top-spacing\"><div class=\"page-content clearfix\"><div class=\"row-fluid\"><div class=\"wpb_content_element span12 wpb_text_column\"><div class=\"wpb_wrapper clearfix\"><h4>En savoir plus ?<\/h4><p><a title=\"Structure du programme de la Majeure UdeM\" href=\"https:\/\/admission.umontreal.ca\/programmes\/majeure-en-jeu-video\/structure-du-programme\/\" target=\"_blank\" rel=\"noopener\">Consultez la structure du programme de la Majeure sur le site de l&rsquo;Universit\u00e9 de Montr\u00e9al.<\/a><span style=\"font-size: medium;\"><a title=\"Cr\u00e9ations de la majeure udem\" href=\"https:\/\/www.ludov.ca\/fr\/universitaire\/programmes-d-etudes\/creations-majeures\"><br \/><\/a>&gt;&gt; <a title=\"Cr\u00e9ations de la majeure udem\" href=\"https:\/\/www.ludov.ca\/fr\/universitaire\/programmes-d-etudes\/creations-majeures\">Consultez les cr\u00e9ations \u00e9tudiantes issues de la Majeure.<\/a><\/span><\/p><p><a title=\"Structure du programme de la Mineure UdeM\" href=\"https:\/\/admission.umontreal.ca\/programmes\/mineure-en-etudes-du-jeu-video\/structure-du-programme\/\" target=\"_blank\" rel=\"noopener\">Consultez la structure du programme de la Mineure sur le site de l&rsquo;Universit\u00e9 de Montr\u00e9al.<\/a><br \/><span style=\"font-size: medium;\">&gt;&gt; <a title=\"Travaux de la mineure udem\" href=\"https:\/\/www.ludov.ca\/fr\/universitaire\/programmes-d-etudes\/ligues-mineures\">Consultez une s\u00e9lection de travaux \u00e9tudiants issus de la Mineure.<\/a><\/span><\/p><p><a title=\"Ma\u00eetrise en \u00e9tudes cin\u00e9matographiques UdeM\" href=\"https:\/\/admission.umontreal.ca\/programmes\/maitrise-en-cinema\/structure-du-programme\/#segment-1\" target=\"_blank\" rel=\"noopener\">Consultez la structure du programme de la Ma\u00eetrise (segment 71 &#8211; Option \u00c9tudes du jeu vid\u00e9o) sur le site de l&rsquo;Universit\u00e9 de Montr\u00e9al.<\/a><\/p><\/div><\/div><\/div><\/div><\/div><\/div>\t\t\t\t\t\t\t\t<\/div>\n\t\t\t\t<\/div>\n\t\t\t\t<\/div>\n\t\t\t\t<\/div>\n\t\t","protected":false},"excerpt":{"rendered":"<p>Majeure en jeu vid\u00e9o (D\u00e9)Codez le jeu vid\u00e9o &#8211; (Re)Jouez son histoire &#8211; (Re)Pensez sa cr\u00e9ation Vous vous sentez l\u2019\u00e2me d\u2019une cr\u00e9atrice ou d&rsquo;un cr\u00e9ateur capable de porter plusieurs chapeaux &#8230;<\/p>\n","protected":false},"author":1,"featured_media":0,"parent":476,"menu_order":0,"comment_status":"closed","ping_status":"closed","template":"template-left-sidebar.php","meta":{"_monsterinsights_skip_tracking":false,"_monsterinsights_sitenote_active":false,"_monsterinsights_sitenote_note":"","_monsterinsights_sitenote_category":0,"footnotes":""},"class_list":["post-9","page","type-page","status-publish","hentry"],"yoast_head":"<!-- This site is optimized with the Yoast SEO plugin v27.4 - https:\/\/yoast.com\/product\/yoast-seo-wordpress\/ -->\n<title>Nos programmes d&#039;\u00e9tudes - LUDOV<\/title>\n<meta name=\"robots\" content=\"index, follow, max-snippet:-1, max-image-preview:large, max-video-preview:-1\" \/>\n<link rel=\"canonical\" href=\"https:\/\/www.ludov.ca\/fr\/universitaire\/programme-detude\/\" \/>\n<meta property=\"og:locale\" content=\"fr_FR\" \/>\n<meta property=\"og:type\" content=\"article\" \/>\n<meta property=\"og:title\" content=\"Nos programmes d&#039;\u00e9tudes - LUDOV\" \/>\n<meta property=\"og:description\" content=\"Majeure en jeu vid\u00e9o (D\u00e9)Codez le jeu vid\u00e9o &#8211; (Re)Jouez son histoire &#8211; (Re)Pensez sa cr\u00e9ation Vous vous sentez l\u2019\u00e2me d\u2019une cr\u00e9atrice ou d&rsquo;un cr\u00e9ateur capable de porter plusieurs chapeaux ...\" \/>\n<meta property=\"og:url\" content=\"https:\/\/www.ludov.ca\/fr\/universitaire\/programme-detude\/\" \/>\n<meta property=\"og:site_name\" content=\"LUDOV\" \/>\n<meta property=\"article:publisher\" content=\"https:\/\/www.facebook.com\/LUDOVUdeM\/\" \/>\n<meta property=\"article:modified_time\" content=\"2026-01-06T19:13:48+00:00\" \/>\n<meta property=\"og:image\" content=\"https:\/\/www.ludov.ca\/wp-content\/uploads\/2024\/05\/LUDOV_web_splash_logo.jpg\" \/>\n\t<meta property=\"og:image:width\" content=\"1320\" \/>\n\t<meta property=\"og:image:height\" content=\"323\" \/>\n\t<meta property=\"og:image:type\" content=\"image\/jpeg\" \/>\n<meta name=\"twitter:card\" content=\"summary_large_image\" \/>\n<meta name=\"twitter:label1\" content=\"Dur\u00e9e de lecture estim\u00e9e\" \/>\n\t<meta name=\"twitter:data1\" content=\"3 minutes\" \/>\n<script type=\"application\/ld+json\" class=\"yoast-schema-graph\">{\"@context\":\"https:\\\/\\\/schema.org\",\"@graph\":[{\"@type\":\"WebPage\",\"@id\":\"https:\\\/\\\/www.ludov.ca\\\/fr\\\/universitaire\\\/programme-detude\\\/\",\"url\":\"https:\\\/\\\/www.ludov.ca\\\/fr\\\/universitaire\\\/programme-detude\\\/\",\"name\":\"Nos programmes d'\u00e9tudes - LUDOV\",\"isPartOf\":{\"@id\":\"https:\\\/\\\/www.ludov.ca\\\/fr\\\/#website\"},\"datePublished\":\"2023-07-17T20:03:58+00:00\",\"dateModified\":\"2026-01-06T19:13:48+00:00\",\"breadcrumb\":{\"@id\":\"https:\\\/\\\/www.ludov.ca\\\/fr\\\/universitaire\\\/programme-detude\\\/#breadcrumb\"},\"inLanguage\":\"fr-FR\",\"potentialAction\":[{\"@type\":\"ReadAction\",\"target\":[\"https:\\\/\\\/www.ludov.ca\\\/fr\\\/universitaire\\\/programme-detude\\\/\"]}]},{\"@type\":\"BreadcrumbList\",\"@id\":\"https:\\\/\\\/www.ludov.ca\\\/fr\\\/universitaire\\\/programme-detude\\\/#breadcrumb\",\"itemListElement\":[{\"@type\":\"ListItem\",\"position\":1,\"name\":\"Accueil\",\"item\":\"https:\\\/\\\/www.ludov.ca\\\/fr\\\/\"},{\"@type\":\"ListItem\",\"position\":2,\"name\":\"Universitaire\",\"item\":\"https:\\\/\\\/www.ludov.ca\\\/fr\\\/universitaire\\\/\"},{\"@type\":\"ListItem\",\"position\":3,\"name\":\"Nos programmes d&rsquo;\u00e9tudes\"}]},{\"@type\":\"WebSite\",\"@id\":\"https:\\\/\\\/www.ludov.ca\\\/fr\\\/#website\",\"url\":\"https:\\\/\\\/www.ludov.ca\\\/fr\\\/\",\"name\":\"LUDOV\",\"description\":\"\",\"publisher\":{\"@id\":\"https:\\\/\\\/www.ludov.ca\\\/fr\\\/#organization\"},\"alternateName\":\"Laboratoire universitaire de documentation et d'observation vid\u00e9oludiques\",\"potentialAction\":[{\"@type\":\"SearchAction\",\"target\":{\"@type\":\"EntryPoint\",\"urlTemplate\":\"https:\\\/\\\/www.ludov.ca\\\/fr\\\/?s={search_term_string}\"},\"query-input\":{\"@type\":\"PropertyValueSpecification\",\"valueRequired\":true,\"valueName\":\"search_term_string\"}}],\"inLanguage\":\"fr-FR\"},{\"@type\":\"Organization\",\"@id\":\"https:\\\/\\\/www.ludov.ca\\\/fr\\\/#organization\",\"name\":\"LUDOV\",\"url\":\"https:\\\/\\\/www.ludov.ca\\\/fr\\\/\",\"logo\":{\"@type\":\"ImageObject\",\"inLanguage\":\"fr-FR\",\"@id\":\"https:\\\/\\\/www.ludov.ca\\\/fr\\\/#\\\/schema\\\/logo\\\/image\\\/\",\"url\":\"https:\\\/\\\/www.ludov.ca\\\/wp-content\\\/uploads\\\/2023\\\/08\\\/LUDOV_web_logo_final.png\",\"contentUrl\":\"https:\\\/\\\/www.ludov.ca\\\/wp-content\\\/uploads\\\/2023\\\/08\\\/LUDOV_web_logo_final.png\",\"width\":1169,\"height\":1139,\"caption\":\"LUDOV\"},\"image\":{\"@id\":\"https:\\\/\\\/www.ludov.ca\\\/fr\\\/#\\\/schema\\\/logo\\\/image\\\/\"},\"sameAs\":[\"https:\\\/\\\/www.facebook.com\\\/LUDOVUdeM\\\/\",\"https:\\\/\\\/www.youtube.com\\\/@LUDOVUdeM\"]}]}<\/script>\n<!-- \/ Yoast SEO plugin. -->","yoast_head_json":{"title":"Nos programmes d'\u00e9tudes - LUDOV","robots":{"index":"index","follow":"follow","max-snippet":"max-snippet:-1","max-image-preview":"max-image-preview:large","max-video-preview":"max-video-preview:-1"},"canonical":"https:\/\/www.ludov.ca\/fr\/universitaire\/programme-detude\/","og_locale":"fr_FR","og_type":"article","og_title":"Nos programmes d'\u00e9tudes - LUDOV","og_description":"Majeure en jeu vid\u00e9o (D\u00e9)Codez le jeu vid\u00e9o &#8211; (Re)Jouez son histoire &#8211; (Re)Pensez sa cr\u00e9ation Vous vous sentez l\u2019\u00e2me d\u2019une cr\u00e9atrice ou d&rsquo;un cr\u00e9ateur capable de porter plusieurs chapeaux ...","og_url":"https:\/\/www.ludov.ca\/fr\/universitaire\/programme-detude\/","og_site_name":"LUDOV","article_publisher":"https:\/\/www.facebook.com\/LUDOVUdeM\/","article_modified_time":"2026-01-06T19:13:48+00:00","og_image":[{"width":1320,"height":323,"url":"https:\/\/www.ludov.ca\/wp-content\/uploads\/2024\/05\/LUDOV_web_splash_logo.jpg","type":"image\/jpeg"}],"twitter_card":"summary_large_image","twitter_misc":{"Dur\u00e9e de lecture estim\u00e9e":"3 minutes"},"schema":{"@context":"https:\/\/schema.org","@graph":[{"@type":"WebPage","@id":"https:\/\/www.ludov.ca\/fr\/universitaire\/programme-detude\/","url":"https:\/\/www.ludov.ca\/fr\/universitaire\/programme-detude\/","name":"Nos programmes d'\u00e9tudes - LUDOV","isPartOf":{"@id":"https:\/\/www.ludov.ca\/fr\/#website"},"datePublished":"2023-07-17T20:03:58+00:00","dateModified":"2026-01-06T19:13:48+00:00","breadcrumb":{"@id":"https:\/\/www.ludov.ca\/fr\/universitaire\/programme-detude\/#breadcrumb"},"inLanguage":"fr-FR","potentialAction":[{"@type":"ReadAction","target":["https:\/\/www.ludov.ca\/fr\/universitaire\/programme-detude\/"]}]},{"@type":"BreadcrumbList","@id":"https:\/\/www.ludov.ca\/fr\/universitaire\/programme-detude\/#breadcrumb","itemListElement":[{"@type":"ListItem","position":1,"name":"Accueil","item":"https:\/\/www.ludov.ca\/fr\/"},{"@type":"ListItem","position":2,"name":"Universitaire","item":"https:\/\/www.ludov.ca\/fr\/universitaire\/"},{"@type":"ListItem","position":3,"name":"Nos programmes d&rsquo;\u00e9tudes"}]},{"@type":"WebSite","@id":"https:\/\/www.ludov.ca\/fr\/#website","url":"https:\/\/www.ludov.ca\/fr\/","name":"LUDOV","description":"","publisher":{"@id":"https:\/\/www.ludov.ca\/fr\/#organization"},"alternateName":"Laboratoire universitaire de documentation et d'observation vid\u00e9oludiques","potentialAction":[{"@type":"SearchAction","target":{"@type":"EntryPoint","urlTemplate":"https:\/\/www.ludov.ca\/fr\/?s={search_term_string}"},"query-input":{"@type":"PropertyValueSpecification","valueRequired":true,"valueName":"search_term_string"}}],"inLanguage":"fr-FR"},{"@type":"Organization","@id":"https:\/\/www.ludov.ca\/fr\/#organization","name":"LUDOV","url":"https:\/\/www.ludov.ca\/fr\/","logo":{"@type":"ImageObject","inLanguage":"fr-FR","@id":"https:\/\/www.ludov.ca\/fr\/#\/schema\/logo\/image\/","url":"https:\/\/www.ludov.ca\/wp-content\/uploads\/2023\/08\/LUDOV_web_logo_final.png","contentUrl":"https:\/\/www.ludov.ca\/wp-content\/uploads\/2023\/08\/LUDOV_web_logo_final.png","width":1169,"height":1139,"caption":"LUDOV"},"image":{"@id":"https:\/\/www.ludov.ca\/fr\/#\/schema\/logo\/image\/"},"sameAs":["https:\/\/www.facebook.com\/LUDOVUdeM\/","https:\/\/www.youtube.com\/@LUDOVUdeM"]}]}},"_links":{"self":[{"href":"https:\/\/www.ludov.ca\/fr\/wp-json\/wp\/v2\/pages\/9","targetHints":{"allow":["GET"]}}],"collection":[{"href":"https:\/\/www.ludov.ca\/fr\/wp-json\/wp\/v2\/pages"}],"about":[{"href":"https:\/\/www.ludov.ca\/fr\/wp-json\/wp\/v2\/types\/page"}],"author":[{"embeddable":true,"href":"https:\/\/www.ludov.ca\/fr\/wp-json\/wp\/v2\/users\/1"}],"replies":[{"embeddable":true,"href":"https:\/\/www.ludov.ca\/fr\/wp-json\/wp\/v2\/comments?post=9"}],"version-history":[{"count":6,"href":"https:\/\/www.ludov.ca\/fr\/wp-json\/wp\/v2\/pages\/9\/revisions"}],"predecessor-version":[{"id":4201,"href":"https:\/\/www.ludov.ca\/fr\/wp-json\/wp\/v2\/pages\/9\/revisions\/4201"}],"up":[{"embeddable":true,"href":"https:\/\/www.ludov.ca\/fr\/wp-json\/wp\/v2\/pages\/476"}],"wp:attachment":[{"href":"https:\/\/www.ludov.ca\/fr\/wp-json\/wp\/v2\/media?parent=9"}],"curies":[{"name":"wp","href":"https:\/\/api.w.org\/{rel}","templated":true}]}}